{"id":192,"date":"2025-07-21T13:34:50","date_gmt":"2025-07-21T13:34:50","guid":{"rendered":"http:\/\/rj-experience.com\/?page_id=192"},"modified":"2025-11-03T16:42:34","modified_gmt":"2025-11-03T16:42:34","slug":"tyrannosaurus-rex","status":"publish","type":"page","link":"https:\/\/rj-experience.com\/index.php\/tyrannosaurus-rex\/","title":{"rendered":"Tyrannosaurus rex"},"content":{"rendered":"\t\t<div data-elementor-type=\"wp-page\" data-elementor-id=\"192\" class=\"elementor elementor-192\">\n\t\t\t\t<div class=\"elementor-element elementor-element-5ad3075 e-flex e-con-boxed e-con e-parent\" data-id=\"5ad3075\" data-element_type=\"container\">\n\t\t\t\t\t<div class=\"e-con-inner\">\n\t\t\t\t<div class=\"elementor-element elementor-element-ee16738 elementor-widget elementor-widget-heading\" data-id=\"ee16738\" data-element_type=\"widget\" data-widget_type=\"heading.default\">\n\t\t\t\t\t<h1 class=\"elementor-heading-title elementor-size-default\">Tyrannosaurus Rex<\/h1>\t\t\t\t<\/div>\n\t\t\t\t<div class=\"elementor-element elementor-element-c1fcca9 elementor-widget elementor-widget-image\" data-id=\"c1fcca9\" data-element_type=\"widget\" data-widget_type=\"image.default\">\n\t\t\t\t\t\t\t\t\t\t\t\t\t\t\t\t<a href=\"http:\/\/www.ama-business.com\">\n\t\t\t\t\t\t\t<img fetchpriority=\"high\" decoding=\"async\" width=\"640\" height=\"424\" src=\"https:\/\/rj-experience.com\/wp-content\/uploads\/2025\/11\/Tyrannosaurus_Rex_Holotype.jpg\" class=\"attachment-large size-large wp-image-1461\" alt=\"\" srcset=\"https:\/\/rj-experience.com\/wp-content\/uploads\/2025\/11\/Tyrannosaurus_Rex_Holotype.jpg 1024w, https:\/\/rj-experience.com\/wp-content\/uploads\/2025\/11\/Tyrannosaurus_Rex_Holotype-300x199.jpg 300w, https:\/\/rj-experience.com\/wp-content\/uploads\/2025\/11\/Tyrannosaurus_Rex_Holotype-768x509.jpg 768w\" sizes=\"(max-width: 640px) 100vw, 640px\" \/>\t\t\t\t\t\t\t\t<\/a>\n\t\t\t\t\t\t\t\t\t\t\t\t\t\t\t<\/div>\n\t\t\t\t<div class=\"elementor-element elementor-element-8b813bc elementor-widget elementor-widget-heading\" data-id=\"8b813bc\" data-element_type=\"widget\" data-widget_type=\"heading.default\">\n\t\t\t\t\t<h3 class=\"elementor-heading-title elementor-size-default\">T-rex<\/h3>\t\t\t\t<\/div>\n\t\t\t\t<div class=\"elementor-element elementor-element-dfd17d5 elementor-widget elementor-widget-text-editor\" data-id=\"dfd17d5\" data-element_type=\"widget\" data-widget_type=\"text-editor.default\">\n\t\t\t\t\t\t\t\t\t<p data-start=\"710\" data-end=\"1400\">Le <strong data-start=\"713\" data-end=\"734\">Tyrannosaurus rex<\/strong>, souvent surnomm\u00e9 <strong data-start=\"753\" data-end=\"762\">T-Rex<\/strong>,\u00a0 est sans conteste le <strong data-start=\"785\" data-end=\"807\">roi des dinosaures<\/strong> et l\u2019un des plus c\u00e9l\u00e8bres pr\u00e9dateurs de la pr\u00e9histoire. Vivant il y a environ <strong data-start=\"886\" data-end=\"910\">66 millions d\u2019ann\u00e9es<\/strong>, \u00e0 la fin du <strong data-start=\"924\" data-end=\"935\">Cr\u00e9tac\u00e9<\/strong>, ce gigantesque dinosaure carnivore pouvait mesurer jusqu\u2019\u00e0 <strong data-start=\"996\" data-end=\"1017\">13 m\u00e8tres de long<\/strong> et peser plus de <strong data-start=\"1035\" data-end=\"1047\">8 tonnes<\/strong>. Avec sa <strong data-start=\"1057\" data-end=\"1079\">m\u00e2choire puissante<\/strong>, garnie de dents ac\u00e9r\u00e9es atteignant 20 centim\u00e8tres, le <strong data-start=\"1135\" data-end=\"1156\">Tyrannosaurus rex<\/strong> dominait son environnement et chassait d\u2019autres dinosaures avec une efficacit\u00e9 redoutable. Malgr\u00e9 ses bras tr\u00e8s courts, il poss\u00e9dait des <strong data-start=\"1294\" data-end=\"1321\">pattes arri\u00e8re muscl\u00e9es<\/strong> qui lui permettaient de courir \u00e0 une vitesse impressionnante pour sa taille.<\/p><p data-start=\"1402\" data-end=\"1821\">Dot\u00e9 d\u2019un <strong data-start=\"1412\" data-end=\"1435\">odorat surd\u00e9velopp\u00e9<\/strong> et d\u2019une <strong data-start=\"1445\" data-end=\"1461\">vue per\u00e7ante<\/strong>, ce pr\u00e9dateur intelligent \u00e9tait parfaitement adapt\u00e9 \u00e0 la chasse. Son nom, qui signifie <strong data-start=\"1549\" data-end=\"1579\">\u00ab roi des l\u00e9zards tyrans \u00bb<\/strong>, illustre bien sa supr\u00e9matie sur les autres esp\u00e8ces de son \u00e9poque. Aujourd\u2019hui, le <strong data-start=\"1663\" data-end=\"1684\">Tyrannosaurus rex<\/strong> fascine encore les pal\u00e9ontologues et le grand public, symbolisant \u00e0 lui seul la puissance et la majest\u00e9 du monde perdu des dinosaures.<\/p>\t\t\t\t\t\t\t\t<\/div>\n\t\t\t\t<div class=\"elementor-element elementor-element-0d57d67 elementor-widget elementor-widget-text-editor\" data-id=\"0d57d67\" data-element_type=\"widget\" data-widget_type=\"text-editor.default\">\n\t\t\t\t\t\t\t\t\t<h3>&nbsp; &nbsp; &nbsp; &nbsp; &nbsp; &nbsp; &nbsp; &nbsp; &nbsp; &nbsp; &nbsp; &nbsp; &nbsp;Le roi des dinosaures<\/h3>\n<p>1.Qui a d\u00e9couvert le Tyrannosaurus Rex&nbsp; ?<\/p>\n<p data-start=\"172\" data-end=\"250\">Le <strong data-start=\"175\" data-end=\"205\">pal\u00e9ontologue Barnum Brown<\/strong> a d\u00e9couvert les premiers fossiles du Tyrannosaurus rex<\/p>\n<p>2.Ou \u00e0 t\u2019il trouver le fossile de ce reptile ?<\/p>\n<p data-start=\"314\" data-end=\"430\">Le fossile a \u00e9t\u00e9 trouv\u00e9 au <strong data-start=\"347\" data-end=\"361\">\u00c9tats-Unis<\/strong>, notamment dans le <strong data-start=\"381\" data-end=\"392\">Montana<\/strong>, dans la <strong data-start=\"402\" data-end=\"429\">formation de Hell Creek<\/strong>.<\/p>\n<p>3.Quand a-t-il&nbsp; trouve le premier os de ce reptile?<\/p>\n<p data-start=\"500\" data-end=\"553\">Barnum Brown a trouv\u00e9 le premier fossile en <strong data-start=\"544\" data-end=\"552\">1902<\/strong>.<\/p>\n<p>4.Il est carnivore ou herbivore?<\/p>\n<p data-start=\"605\" data-end=\"684\">Le <strong data-start=\"608\" data-end=\"629\">Tyrannosaurus rex<\/strong> est <strong data-start=\"634\" data-end=\"647\">carnivore<\/strong>. C\u2019\u00e9tait un pr\u00e9dateur et charognard.<\/p>\n<p>5.Combien fait sa taille?<\/p>\n<p>Il mesurait environ <strong data-start=\"749\" data-end=\"775\">12 \u00e0 13 m\u00e8tres de long<\/strong> et <strong data-start=\"779\" data-end=\"821\">4 m\u00e8tres de haut au niveau des hanches<\/strong>.<\/p>\n<p>6.Combien p\u00e8se-t-il ?<\/p>\n<p data-start=\"867\" data-end=\"979\">Le T. rex pesait entre <strong data-start=\"890\" data-end=\"908\">8 et 10 tonnes<\/strong>, certains sp\u00e9cimens tr\u00e8s massifs approcheraient <strong data-start=\"957\" data-end=\"978\">jusqu&#8217;\u00e0 12 tonnes<\/strong>.<\/p>\n<p>7.Le Tyrannosaurus Rex vient du cr\u00e9tac\u00e9, du tria ou du jurassique ?<\/p>\n<p data-start=\"1066\" data-end=\"1146\">Il vivait \u00e0 la <strong data-start=\"1081\" data-end=\"1099\">fin du Cr\u00e9tac\u00e9<\/strong>, il y a environ <strong data-start=\"1116\" data-end=\"1145\">68 \u00e0 66 millions d\u2019ann\u00e9es<\/strong>.<\/p>\n<p>8.De quelle famille appartient le Tyrannosaurus Rex ?<\/p>\n<p data-start=\"1218\" data-end=\"1287\">Il appartient \u00e0 la famille des <strong data-start=\"1249\" data-end=\"1268\">Tyrannosaurid\u00e9s<\/strong> (Tyrannosauridae).<\/p>\n<p>9.Combien \u00e0 v\u00e9cu le Tyrannosaurus Rex ?<\/p>\n<p data-start=\"1345\" data-end=\"1415\">On estime que le T. rex pouvait vivre jusqu\u2019\u00e0 environ <strong data-start=\"1399\" data-end=\"1414\">28 \u00e0 30 ans<\/strong>.<\/p>\n<p>10.Combien fait la taille de ces dents ?<\/p>\n<p>Ses dents pouvaient atteindre <strong data-start=\"1504\" data-end=\"1521\">jusqu\u2019\u00e0 30 cm<\/strong> (racine comprise). Elles \u00e9taient \u00e9paisses et dentel\u00e9es, con\u00e7ues pour broyer les os<\/p>\n<p>11.Quel est sont nom scientifique ?<\/p>\n<p data-start=\"1658\" data-end=\"1753\">Son nom scientifique est <strong data-start=\"1683\" data-end=\"1704\">Tyrannosaurus rex<\/strong>, ce qui signifie <strong data-start=\"1722\" data-end=\"1752\">\u00ab roi des l\u00e9zards tyrans \u00bb<\/strong>.<\/p>\n<p>12.Combien p\u00e8se son cerveau?<\/p>\n<p>Le cerveau du T. rex pesait environ <strong data-start=\"1837\" data-end=\"1858\">400 \u00e0 500 grammes<\/strong>, ce qui est petit pour sa taille, mais assez d\u00e9velopp\u00e9 pour un dinosaure.<\/p>\n<p>13.Il vit seul ou en troupeau?<\/p>\n<p>Les scientifiques pensent qu\u2019il \u00e9tait <strong data-start=\"2020\" data-end=\"2048\">principalement solitaire<\/strong>, mais certains indices de fossiles sugg\u00e8rent <strong data-start=\"2091\" data-end=\"2130\">des comportements sociaux possibles<\/strong>, comme des rassemblements.<\/p>\n<p>14.Qui est son premier os qui a \u00e9t\u00e9 trouv\u00e9?<\/p>\n<p data-start=\"2221\" data-end=\"2329\">Le premier os d\u00e9couvert \u00e9tait une <strong data-start=\"2255\" data-end=\"2277\">vert\u00e8bre partielle<\/strong>, suivie par des morceaux de <strong data-start=\"2306\" data-end=\"2328\">bassin et de cr\u00e2ne<\/strong>.<\/p>\n<p>15.Quand il le nomme ?<\/p>\n<p data-start=\"2370\" data-end=\"2450\">Le T. rex a \u00e9t\u00e9 officiellement nomm\u00e9 en <strong data-start=\"2410\" data-end=\"2418\">1905<\/strong> par <strong data-start=\"2423\" data-end=\"2449\">Henry Fairfield Osborn<\/strong>.<\/p>\n<p>16.Combien il a de dents?<\/p>\n<p>Il avait environ <strong data-start=\"2512\" data-end=\"2529\">50 \u00e0 60 dents<\/strong>, certaines pouvant \u00eatre remplac\u00e9es r\u00e9guli\u00e8rement.<\/p>\n<p>17.Quels sont les autres dinosaures qui vivaient \u00e0 cette \u00e9poque?<\/p>\n<p data-start=\"2663\" data-end=\"2744\">\u00c0 la fin du Cr\u00e9tac\u00e9, plusieurs autres dinosaures partageaient son environnement :<\/p>\n<ul data-start=\"2746\" data-end=\"2949\">\n<li data-start=\"2746\" data-end=\"2765\">\n<p data-start=\"2748\" data-end=\"2765\"><strong data-start=\"2748\" data-end=\"2763\">Triceratops<\/strong><\/p>\n<\/li>\n<li data-start=\"2766\" data-end=\"2786\">\n<p data-start=\"2768\" data-end=\"2786\"><strong data-start=\"2768\" data-end=\"2784\">Ankylosaurus<\/strong><\/p>\n<\/li>\n<li data-start=\"2787\" data-end=\"2808\">\n<p data-start=\"2789\" data-end=\"2808\"><strong data-start=\"2789\" data-end=\"2806\">Edmontosaurus<\/strong><\/p>\n<\/li>\n<li data-start=\"2809\" data-end=\"2835\">\n<p data-start=\"2811\" data-end=\"2835\"><strong data-start=\"2811\" data-end=\"2833\">Pachycephalosaurus<\/strong><\/p>\n<\/li>\n<li data-start=\"2836\" data-end=\"2877\">\n<p data-start=\"2838\" data-end=\"2877\"><strong data-start=\"2838\" data-end=\"2856\">Quetzalcoatlus<\/strong> (pt\u00e9rosaure g\u00e9ant)<\/p>\n<\/li>\n<li data-start=\"2878\" data-end=\"2949\">\n<p data-start=\"2880\" data-end=\"2949\"><strong data-start=\"2880\" data-end=\"2895\">Alamosaurus<\/strong> (gros sauropode, parfois proie potentielle du T. rex)<\/p>\n<\/li>\n<\/ul>\t\t\t\t\t\t\t\t<\/div>\n\t\t\t\t\t<\/div>\n\t\t\t\t<\/div>\n\t\t<div class=\"elementor-element elementor-element-215f17d e-grid e-con-boxed e-con e-parent\" data-id=\"215f17d\" data-element_type=\"container\">\n\t\t\t\t\t<div class=\"e-con-inner\">\n\t\t\t\t<div class=\"elementor-element elementor-element-0a17334 elementor-widget elementor-widget-video\" data-id=\"0a17334\" data-element_type=\"widget\" data-settings=\"{&quot;youtube_url&quot;:&quot;https:\\\/\\\/www.youtube.com\\\/watch?v=fFKEedgHd9U&amp;t=2377s&quot;,&quot;video_type&quot;:&quot;youtube&quot;,&quot;controls&quot;:&quot;yes&quot;}\" data-widget_type=\"video.default\">\n\t\t\t\t\t\t\t<div class=\"elementor-wrapper elementor-open-inline\">\n\t\t\t<div class=\"elementor-video\"><\/div>\t\t<\/div>\n\t\t\t\t\t\t<\/div>\n\t\t\t\t<div class=\"elementor-element elementor-element-2ddb05b elementor-widget elementor-widget-video\" data-id=\"2ddb05b\" data-element_type=\"widget\" data-settings=\"{&quot;youtube_url&quot;:&quot;https:\\\/\\\/www.youtube.com\\\/watch?v=wOulvIK-brM&quot;,&quot;video_type&quot;:&quot;youtube&quot;,&quot;controls&quot;:&quot;yes&quot;}\" data-widget_type=\"video.default\">\n\t\t\t\t\t\t\t<div class=\"elementor-wrapper elementor-open-inline\">\n\t\t\t<div class=\"elementor-video\"><\/div>\t\t<\/div>\n\t\t\t\t\t\t<\/div>\n\t\t\t\t<div class=\"elementor-element elementor-element-acd4d68 elementor-widget elementor-widget-heading\" data-id=\"acd4d68\" data-element_type=\"widget\" data-widget_type=\"heading.default\">\n\t\t\t\t\t<h3 class=\"elementor-heading-title elementor-size-default\">Video<\/h3>\t\t\t\t<\/div>\n\t\t\t\t<div class=\"elementor-element elementor-element-8767dcc elementor-widget elementor-widget-heading\" data-id=\"8767dcc\" data-element_type=\"widget\" data-widget_type=\"heading.default\">\n\t\t\t\t\t<h3 class=\"elementor-heading-title elementor-size-default\">T-rex<\/h3>\t\t\t\t<\/div>\n\t\t\t\t\t<\/div>\n\t\t\t\t<\/div>\n\t\t<div class=\"elementor-element elementor-element-de56ec1 e-flex e-con-boxed e-con e-parent\" data-id=\"de56ec1\" data-element_type=\"container\">\n\t\t\t\t\t<div class=\"e-con-inner\">\n\t\t\t\t<div class=\"elementor-element elementor-element-0e48362 elementor-widget elementor-widget-image\" data-id=\"0e48362\" data-element_type=\"widget\" data-widget_type=\"image.default\">\n\t\t\t\t\t\t\t\t\t\t\t\t\t\t\t<img decoding=\"async\" width=\"640\" height=\"290\" src=\"https:\/\/rj-experience.com\/wp-content\/uploads\/2025\/11\/Scotty_Tyrannosaurus-1024x464.jpg\" class=\"attachment-large size-large wp-image-1462\" alt=\"\" srcset=\"https:\/\/rj-experience.com\/wp-content\/uploads\/2025\/11\/Scotty_Tyrannosaurus-1024x464.jpg 1024w, https:\/\/rj-experience.com\/wp-content\/uploads\/2025\/11\/Scotty_Tyrannosaurus-300x136.jpg 300w, https:\/\/rj-experience.com\/wp-content\/uploads\/2025\/11\/Scotty_Tyrannosaurus-768x348.jpg 768w, https:\/\/rj-experience.com\/wp-content\/uploads\/2025\/11\/Scotty_Tyrannosaurus.jpg 1280w\" sizes=\"(max-width: 640px) 100vw, 640px\" \/>\t\t\t\t\t\t\t\t\t\t\t\t\t\t\t<\/div>\n\t\t\t\t\t<\/div>\n\t\t\t\t<\/div>\n\t\t\t\t<\/div>\n\t\t","protected":false},"excerpt":{"rendered":"<p>Tyrannosaurus Rex T-rex Le Tyrannosaurus rex, souvent surnomm\u00e9 T-Rex,\u00a0 est sans conteste le roi des dinosaures et l\u2019un des plus c\u00e9l\u00e8bres pr\u00e9dateurs de la pr\u00e9histoire. Vivant il y a environ 66 millions d\u2019ann\u00e9es, \u00e0 la fin du Cr\u00e9tac\u00e9, ce gigantesque dinosaure carnivore pouvait mesurer jusqu\u2019\u00e0 13 m\u00e8tres de long et peser plus de 8 tonnes. [&hellip;]<\/p>\n","protected":false},"author":1,"featured_media":0,"parent":0,"menu_order":0,"comment_status":"closed","ping_status":"closed","template":"","meta":{"footnotes":""},"class_list":["post-192","page","type-page","status-publish","hentry"],"yoast_head":"<!-- This site is optimized with the Yoast SEO plugin v26.2 - https:\/\/yoast.com\/wordpress\/plugins\/seo\/ -->\n<title>Tyrannosaurus rex - RJ Exp\u00e9rience<\/title>\n<meta name=\"description\" content=\"Le pal\u00e9ontologue Barnum Brown a d\u00e9couvert les premiers fossiles du T. rex.\" \/>\n<meta name=\"robots\" content=\"index, follow, max-snippet:-1, max-image-preview:large, max-video-preview:-1\" \/>\n<link rel=\"canonical\" href=\"https:\/\/rj-experience.com\/index.php\/tyrannosaurus-rex\/\" \/>\n<meta property=\"og:locale\" content=\"en_US\" \/>\n<meta property=\"og:type\" content=\"article\" \/>\n<meta property=\"og:title\" content=\"Tyrannosaurus rex - RJ Exp\u00e9rience\" \/>\n<meta property=\"og:description\" content=\"Le pal\u00e9ontologue Barnum Brown a d\u00e9couvert les premiers fossiles du T. rex.\" \/>\n<meta property=\"og:url\" content=\"https:\/\/rj-experience.com\/index.php\/tyrannosaurus-rex\/\" \/>\n<meta property=\"og:site_name\" content=\"RJ Exp\u00e9rience\" \/>\n<meta property=\"article:modified_time\" content=\"2025-11-03T16:42:34+00:00\" \/>\n<meta property=\"og:image\" content=\"https:\/\/rj-experience.com\/wp-content\/uploads\/2025\/11\/Tyrannosaurus_Rex_Holotype.jpg\" \/>\n<meta name=\"twitter:card\" content=\"summary_large_image\" \/>\n<meta name=\"twitter:label1\" content=\"Est. reading time\" \/>\n\t<meta name=\"twitter:data1\" content=\"3 minutes\" \/>\n<script type=\"application\/ld+json\" class=\"yoast-schema-graph\">{\"@context\":\"https:\/\/schema.org\",\"@graph\":[{\"@type\":\"WebPage\",\"@id\":\"https:\/\/rj-experience.com\/index.php\/tyrannosaurus-rex\/\",\"url\":\"https:\/\/rj-experience.com\/index.php\/tyrannosaurus-rex\/\",\"name\":\"Tyrannosaurus rex - RJ Exp\u00e9rience\",\"isPartOf\":{\"@id\":\"https:\/\/rj-experience.com\/#website\"},\"primaryImageOfPage\":{\"@id\":\"https:\/\/rj-experience.com\/index.php\/tyrannosaurus-rex\/#primaryimage\"},\"image\":{\"@id\":\"https:\/\/rj-experience.com\/index.php\/tyrannosaurus-rex\/#primaryimage\"},\"thumbnailUrl\":\"https:\/\/rj-experience.com\/wp-content\/uploads\/2025\/11\/Tyrannosaurus_Rex_Holotype.jpg\",\"datePublished\":\"2025-07-21T13:34:50+00:00\",\"dateModified\":\"2025-11-03T16:42:34+00:00\",\"description\":\"Le pal\u00e9ontologue Barnum Brown a d\u00e9couvert les premiers fossiles du T. rex.\",\"breadcrumb\":{\"@id\":\"https:\/\/rj-experience.com\/index.php\/tyrannosaurus-rex\/#breadcrumb\"},\"inLanguage\":\"en-US\",\"potentialAction\":[{\"@type\":\"ReadAction\",\"target\":[\"https:\/\/rj-experience.com\/index.php\/tyrannosaurus-rex\/\"]}]},{\"@type\":\"ImageObject\",\"inLanguage\":\"en-US\",\"@id\":\"https:\/\/rj-experience.com\/index.php\/tyrannosaurus-rex\/#primaryimage\",\"url\":\"https:\/\/rj-experience.com\/wp-content\/uploads\/2025\/11\/Tyrannosaurus_Rex_Holotype.jpg\",\"contentUrl\":\"https:\/\/rj-experience.com\/wp-content\/uploads\/2025\/11\/Tyrannosaurus_Rex_Holotype.jpg\",\"width\":1024,\"height\":678},{\"@type\":\"BreadcrumbList\",\"@id\":\"https:\/\/rj-experience.com\/index.php\/tyrannosaurus-rex\/#breadcrumb\",\"itemListElement\":[{\"@type\":\"ListItem\",\"position\":1,\"name\":\"Home\",\"item\":\"https:\/\/rj-experience.com\/\"},{\"@type\":\"ListItem\",\"position\":2,\"name\":\"Tyrannosaurus rex\"}]},{\"@type\":\"WebSite\",\"@id\":\"https:\/\/rj-experience.com\/#website\",\"url\":\"https:\/\/rj-experience.com\/\",\"name\":\"RJ Exp\u00e9rience\",\"description\":\"\",\"publisher\":{\"@id\":\"https:\/\/rj-experience.com\/#organization\"},\"potentialAction\":[{\"@type\":\"SearchAction\",\"target\":{\"@type\":\"EntryPoint\",\"urlTemplate\":\"https:\/\/rj-experience.com\/?s={search_term_string}\"},\"query-input\":{\"@type\":\"PropertyValueSpecification\",\"valueRequired\":true,\"valueName\":\"search_term_string\"}}],\"inLanguage\":\"en-US\"},{\"@type\":\"Organization\",\"@id\":\"https:\/\/rj-experience.com\/#organization\",\"name\":\"RJ Exp\u00e9rience\",\"url\":\"https:\/\/rj-experience.com\/\",\"logo\":{\"@type\":\"ImageObject\",\"inLanguage\":\"en-US\",\"@id\":\"https:\/\/rj-experience.com\/#\/schema\/logo\/image\/\",\"url\":\"https:\/\/rj-experience.com\/wp-content\/uploads\/2025\/10\/cropped-ChatGPT-Image-28-oct.-2025-18_28_26.png\",\"contentUrl\":\"https:\/\/rj-experience.com\/wp-content\/uploads\/2025\/10\/cropped-ChatGPT-Image-28-oct.-2025-18_28_26.png\",\"width\":512,\"height\":512,\"caption\":\"RJ Exp\u00e9rience\"},\"image\":{\"@id\":\"https:\/\/rj-experience.com\/#\/schema\/logo\/image\/\"}}]}<\/script>\n<!-- \/ Yoast SEO plugin. -->","yoast_head_json":{"title":"Tyrannosaurus rex - RJ Exp\u00e9rience","description":"Le pal\u00e9ontologue Barnum Brown a d\u00e9couvert les premiers fossiles du T. rex.","robots":{"index":"index","follow":"follow","max-snippet":"max-snippet:-1","max-image-preview":"max-image-preview:large","max-video-preview":"max-video-preview:-1"},"canonical":"https:\/\/rj-experience.com\/index.php\/tyrannosaurus-rex\/","og_locale":"en_US","og_type":"article","og_title":"Tyrannosaurus rex - RJ Exp\u00e9rience","og_description":"Le pal\u00e9ontologue Barnum Brown a d\u00e9couvert les premiers fossiles du T. rex.","og_url":"https:\/\/rj-experience.com\/index.php\/tyrannosaurus-rex\/","og_site_name":"RJ Exp\u00e9rience","article_modified_time":"2025-11-03T16:42:34+00:00","og_image":[{"url":"https:\/\/rj-experience.com\/wp-content\/uploads\/2025\/11\/Tyrannosaurus_Rex_Holotype.jpg","type":"","width":"","height":""}],"twitter_card":"summary_large_image","twitter_misc":{"Est. reading time":"3 minutes"},"schema":{"@context":"https:\/\/schema.org","@graph":[{"@type":"WebPage","@id":"https:\/\/rj-experience.com\/index.php\/tyrannosaurus-rex\/","url":"https:\/\/rj-experience.com\/index.php\/tyrannosaurus-rex\/","name":"Tyrannosaurus rex - RJ Exp\u00e9rience","isPartOf":{"@id":"https:\/\/rj-experience.com\/#website"},"primaryImageOfPage":{"@id":"https:\/\/rj-experience.com\/index.php\/tyrannosaurus-rex\/#primaryimage"},"image":{"@id":"https:\/\/rj-experience.com\/index.php\/tyrannosaurus-rex\/#primaryimage"},"thumbnailUrl":"https:\/\/rj-experience.com\/wp-content\/uploads\/2025\/11\/Tyrannosaurus_Rex_Holotype.jpg","datePublished":"2025-07-21T13:34:50+00:00","dateModified":"2025-11-03T16:42:34+00:00","description":"Le pal\u00e9ontologue Barnum Brown a d\u00e9couvert les premiers fossiles du T. rex.","breadcrumb":{"@id":"https:\/\/rj-experience.com\/index.php\/tyrannosaurus-rex\/#breadcrumb"},"inLanguage":"en-US","potentialAction":[{"@type":"ReadAction","target":["https:\/\/rj-experience.com\/index.php\/tyrannosaurus-rex\/"]}]},{"@type":"ImageObject","inLanguage":"en-US","@id":"https:\/\/rj-experience.com\/index.php\/tyrannosaurus-rex\/#primaryimage","url":"https:\/\/rj-experience.com\/wp-content\/uploads\/2025\/11\/Tyrannosaurus_Rex_Holotype.jpg","contentUrl":"https:\/\/rj-experience.com\/wp-content\/uploads\/2025\/11\/Tyrannosaurus_Rex_Holotype.jpg","width":1024,"height":678},{"@type":"BreadcrumbList","@id":"https:\/\/rj-experience.com\/index.php\/tyrannosaurus-rex\/#breadcrumb","itemListElement":[{"@type":"ListItem","position":1,"name":"Home","item":"https:\/\/rj-experience.com\/"},{"@type":"ListItem","position":2,"name":"Tyrannosaurus rex"}]},{"@type":"WebSite","@id":"https:\/\/rj-experience.com\/#website","url":"https:\/\/rj-experience.com\/","name":"RJ Exp\u00e9rience","description":"","publisher":{"@id":"https:\/\/rj-experience.com\/#organization"},"potentialAction":[{"@type":"SearchAction","target":{"@type":"EntryPoint","urlTemplate":"https:\/\/rj-experience.com\/?s={search_term_string}"},"query-input":{"@type":"PropertyValueSpecification","valueRequired":true,"valueName":"search_term_string"}}],"inLanguage":"en-US"},{"@type":"Organization","@id":"https:\/\/rj-experience.com\/#organization","name":"RJ Exp\u00e9rience","url":"https:\/\/rj-experience.com\/","logo":{"@type":"ImageObject","inLanguage":"en-US","@id":"https:\/\/rj-experience.com\/#\/schema\/logo\/image\/","url":"https:\/\/rj-experience.com\/wp-content\/uploads\/2025\/10\/cropped-ChatGPT-Image-28-oct.-2025-18_28_26.png","contentUrl":"https:\/\/rj-experience.com\/wp-content\/uploads\/2025\/10\/cropped-ChatGPT-Image-28-oct.-2025-18_28_26.png","width":512,"height":512,"caption":"RJ Exp\u00e9rience"},"image":{"@id":"https:\/\/rj-experience.com\/#\/schema\/logo\/image\/"}}]}},"_links":{"self":[{"href":"https:\/\/rj-experience.com\/index.php\/wp-json\/wp\/v2\/pages\/192","targetHints":{"allow":["GET"]}}],"collection":[{"href":"https:\/\/rj-experience.com\/index.php\/wp-json\/wp\/v2\/pages"}],"about":[{"href":"https:\/\/rj-experience.com\/index.php\/wp-json\/wp\/v2\/types\/page"}],"author":[{"embeddable":true,"href":"https:\/\/rj-experience.com\/index.php\/wp-json\/wp\/v2\/users\/1"}],"replies":[{"embeddable":true,"href":"https:\/\/rj-experience.com\/index.php\/wp-json\/wp\/v2\/comments?post=192"}],"version-history":[{"count":10,"href":"https:\/\/rj-experience.com\/index.php\/wp-json\/wp\/v2\/pages\/192\/revisions"}],"predecessor-version":[{"id":1479,"href":"https:\/\/rj-experience.com\/index.php\/wp-json\/wp\/v2\/pages\/192\/revisions\/1479"}],"wp:attachment":[{"href":"https:\/\/rj-experience.com\/index.php\/wp-json\/wp\/v2\/media?parent=192"}],"curies":[{"name":"wp","href":"https:\/\/api.w.org\/{rel}","templated":true}]}}