{"id":1836,"date":"2026-01-13T15:58:22","date_gmt":"2026-01-13T15:58:22","guid":{"rendered":"https:\/\/rj-experience.com\/?page_id=1836"},"modified":"2026-01-13T16:01:26","modified_gmt":"2026-01-13T16:01:26","slug":"experiences-de-camping-bivouac-ou-survie-en-pleine-nature","status":"publish","type":"page","link":"https:\/\/rj-experience.com\/index.php\/experiences-de-camping-bivouac-ou-survie-en-pleine-nature\/","title":{"rendered":"Exp\u00e9riences de camping, bivouac ou survie en pleine nature"},"content":{"rendered":"\t\t<div data-elementor-type=\"wp-page\" data-elementor-id=\"1836\" class=\"elementor elementor-1836\">\n\t\t\t\t<div class=\"elementor-element elementor-element-35a05aa e-flex e-con-boxed e-con e-parent\" data-id=\"35a05aa\" data-element_type=\"container\">\n\t\t\t\t\t<div class=\"e-con-inner\">\n\t\t\t\t<div class=\"elementor-element elementor-element-fb7c122 elementor-widget elementor-widget-text-editor\" data-id=\"fb7c122\" data-element_type=\"widget\" data-widget_type=\"text-editor.default\">\n\t\t\t\t\t\t\t\t\t<h3 data-start=\"202\" data-end=\"264\">Exp\u00e9riences de camping, bivouac et survie en pleine nature<\/h3><p data-start=\"266\" data-end=\"613\">Les exp\u00e9riences de camping, de bivouac et de survie en pleine nature offrent une <strong data-start=\"347\" data-end=\"391\">immersion totale loin du confort moderne<\/strong>, permettant de renouer avec l\u2019essentiel. Passer une ou plusieurs nuits en pleine nature, sous une tente ou \u00e0 la belle \u00e9toile, d\u00e9veloppe une relation profonde avec l\u2019environnement et apprend \u00e0 vivre avec moins, mais mieux.<\/p><p data-start=\"615\" data-end=\"924\">Le camping enseigne les bases de l\u2019<strong data-start=\"650\" data-end=\"684\">organisation et de l\u2019autonomie<\/strong>. Choisir un emplacement adapt\u00e9, monter un abri, g\u00e9rer l\u2019eau, la nourriture et l\u2019\u00e9nergie devient une responsabilit\u00e9 quotidienne. Chaque d\u00e9cision prise a un impact direct sur le confort et la s\u00e9curit\u00e9, renfor\u00e7ant ainsi le sens des priorit\u00e9s.<\/p><p data-start=\"926\" data-end=\"1247\">Le bivouac, plus minimaliste, pousse \u00e0 une <strong data-start=\"969\" data-end=\"1006\">approche r\u00e9fl\u00e9chie et responsable<\/strong> de la nature. Il demande de voyager l\u00e9ger, d\u2019anticiper les conditions m\u00e9t\u00e9orologiques et de respecter strictement l\u2019environnement. Cette pratique d\u00e9veloppe la capacit\u00e9 \u00e0 s\u2019adapter rapidement et \u00e0 faire preuve de sang-froid face \u00e0 l\u2019impr\u00e9vu.<\/p><p data-start=\"1249\" data-end=\"1568\">Les situations de survie, m\u00eame encadr\u00e9es ou simul\u00e9es, permettent d\u2019acqu\u00e9rir des <strong data-start=\"1329\" data-end=\"1357\">comp\u00e9tences essentielles<\/strong> : allumer un feu, s\u2019orienter sans technologie, reconna\u00eetre les ressources naturelles, construire un abri temporaire ou g\u00e9rer l\u2019effort sur la dur\u00e9e. Ces comp\u00e9tences renforcent la confiance en soi et l\u2019autonomie.<\/p><p data-start=\"1570\" data-end=\"1900\">Vivre en pleine nature apprend aussi la <strong data-start=\"1610\" data-end=\"1647\">gestion du stress et des \u00e9motions<\/strong>. L\u2019absence de confort, le froid, la fatigue ou la solitude obligent \u00e0 rester calme, \u00e0 r\u00e9fl\u00e9chir clairement et \u00e0 trouver des solutions efficaces. Ces qualit\u00e9s sont pr\u00e9cieuses dans la vie quotidienne comme dans les situations professionnelles exigeantes.<\/p><p data-start=\"1902\" data-end=\"2160\">Le contact direct avec la nature favorise une <strong data-start=\"1948\" data-end=\"1991\">connexion profonde avec l\u2019environnement<\/strong>. Observer les cycles naturels, \u00e9couter les sons nocturnes et s\u2019adapter au rythme du soleil d\u00e9veloppe une conscience \u00e9cologique et un respect durable de la biodiversit\u00e9.<\/p><p data-start=\"2162\" data-end=\"2452\">Ces exp\u00e9riences renforcent \u00e9galement l\u2019<strong data-start=\"2201\" data-end=\"2220\">esprit d\u2019\u00e9quipe<\/strong> lorsqu\u2019elles sont v\u00e9cues en groupe. La coop\u00e9ration, le partage des t\u00e2ches et l\u2019entraide deviennent indispensables pour assurer le bien-\u00eatre et la s\u00e9curit\u00e9 de tous. Les liens cr\u00e9\u00e9s dans ces conditions sont souvent forts et durables.<\/p><p data-start=\"2454\" data-end=\"2780\">Enfin, le camping, le bivouac et la survie en pleine nature laissent une <strong data-start=\"2527\" data-end=\"2548\">empreinte durable<\/strong>. Ils forgent le caract\u00e8re, d\u00e9veloppent la r\u00e9silience et offrent une nouvelle perspective sur le confort, le temps et les priorit\u00e9s de la vie. Ces exp\u00e9riences invitent \u00e0 ralentir, \u00e0 observer et \u00e0 appr\u00e9cier pleinement chaque instant.<\/p>\t\t\t\t\t\t\t\t<\/div>\n\t\t\t\t\t<\/div>\n\t\t\t\t<\/div>\n\t\t\t\t<\/div>\n\t\t","protected":false},"excerpt":{"rendered":"<p>Exp\u00e9riences de camping, bivouac et survie en pleine nature Les exp\u00e9riences de camping, de bivouac et de survie en pleine nature offrent une immersion totale loin du confort moderne, permettant de renouer avec l\u2019essentiel. Passer une ou plusieurs nuits en pleine nature, sous une tente ou \u00e0 la belle \u00e9toile, d\u00e9veloppe une relation profonde avec [&hellip;]<\/p>\n","protected":false},"author":1,"featured_media":0,"parent":0,"menu_order":0,"comment_status":"closed","ping_status":"closed","template":"","meta":{"footnotes":""},"class_list":["post-1836","page","type-page","status-publish","hentry"],"yoast_head":"<!-- This site is optimized with the Yoast SEO plugin v26.2 - https:\/\/yoast.com\/wordpress\/plugins\/seo\/ -->\n<title>Exp\u00e9riences de camping, bivouac ou survie en pleine nature - RJ Exp\u00e9rience<\/title>\n<meta name=\"robots\" content=\"index, follow, max-snippet:-1, max-image-preview:large, max-video-preview:-1\" \/>\n<link rel=\"canonical\" href=\"https:\/\/rj-experience.com\/index.php\/experiences-de-camping-bivouac-ou-survie-en-pleine-nature\/\" \/>\n<meta property=\"og:locale\" content=\"en_US\" \/>\n<meta property=\"og:type\" content=\"article\" \/>\n<meta property=\"og:title\" content=\"Exp\u00e9riences de camping, bivouac ou survie en pleine nature - RJ Exp\u00e9rience\" \/>\n<meta property=\"og:description\" content=\"Exp\u00e9riences de camping, bivouac et survie en pleine nature Les exp\u00e9riences de camping, de bivouac et de survie en pleine nature offrent une immersion totale loin du confort moderne, permettant de renouer avec l\u2019essentiel. Passer une ou plusieurs nuits en pleine nature, sous une tente ou \u00e0 la belle \u00e9toile, d\u00e9veloppe une relation profonde avec [&hellip;]\" \/>\n<meta property=\"og:url\" content=\"https:\/\/rj-experience.com\/index.php\/experiences-de-camping-bivouac-ou-survie-en-pleine-nature\/\" \/>\n<meta property=\"og:site_name\" content=\"RJ Exp\u00e9rience\" \/>\n<meta property=\"article:modified_time\" content=\"2026-01-13T16:01:26+00:00\" \/>\n<meta name=\"twitter:card\" content=\"summary_large_image\" \/>\n<meta name=\"twitter:label1\" content=\"Est. reading time\" \/>\n\t<meta name=\"twitter:data1\" content=\"2 minutes\" \/>\n<script type=\"application\/ld+json\" class=\"yoast-schema-graph\">{\"@context\":\"https:\/\/schema.org\",\"@graph\":[{\"@type\":\"WebPage\",\"@id\":\"https:\/\/rj-experience.com\/index.php\/experiences-de-camping-bivouac-ou-survie-en-pleine-nature\/\",\"url\":\"https:\/\/rj-experience.com\/index.php\/experiences-de-camping-bivouac-ou-survie-en-pleine-nature\/\",\"name\":\"Exp\u00e9riences de camping, bivouac ou survie en pleine nature - RJ Exp\u00e9rience\",\"isPartOf\":{\"@id\":\"https:\/\/rj-experience.com\/#website\"},\"datePublished\":\"2026-01-13T15:58:22+00:00\",\"dateModified\":\"2026-01-13T16:01:26+00:00\",\"breadcrumb\":{\"@id\":\"https:\/\/rj-experience.com\/index.php\/experiences-de-camping-bivouac-ou-survie-en-pleine-nature\/#breadcrumb\"},\"inLanguage\":\"en-US\",\"potentialAction\":[{\"@type\":\"ReadAction\",\"target\":[\"https:\/\/rj-experience.com\/index.php\/experiences-de-camping-bivouac-ou-survie-en-pleine-nature\/\"]}]},{\"@type\":\"BreadcrumbList\",\"@id\":\"https:\/\/rj-experience.com\/index.php\/experiences-de-camping-bivouac-ou-survie-en-pleine-nature\/#breadcrumb\",\"itemListElement\":[{\"@type\":\"ListItem\",\"position\":1,\"name\":\"Home\",\"item\":\"https:\/\/rj-experience.com\/\"},{\"@type\":\"ListItem\",\"position\":2,\"name\":\"Exp\u00e9riences de camping, bivouac ou survie en pleine nature\"}]},{\"@type\":\"WebSite\",\"@id\":\"https:\/\/rj-experience.com\/#website\",\"url\":\"https:\/\/rj-experience.com\/\",\"name\":\"RJ Exp\u00e9rience\",\"description\":\"\",\"publisher\":{\"@id\":\"https:\/\/rj-experience.com\/#organization\"},\"potentialAction\":[{\"@type\":\"SearchAction\",\"target\":{\"@type\":\"EntryPoint\",\"urlTemplate\":\"https:\/\/rj-experience.com\/?s={search_term_string}\"},\"query-input\":{\"@type\":\"PropertyValueSpecification\",\"valueRequired\":true,\"valueName\":\"search_term_string\"}}],\"inLanguage\":\"en-US\"},{\"@type\":\"Organization\",\"@id\":\"https:\/\/rj-experience.com\/#organization\",\"name\":\"RJ Exp\u00e9rience\",\"url\":\"https:\/\/rj-experience.com\/\",\"logo\":{\"@type\":\"ImageObject\",\"inLanguage\":\"en-US\",\"@id\":\"https:\/\/rj-experience.com\/#\/schema\/logo\/image\/\",\"url\":\"https:\/\/rj-experience.com\/wp-content\/uploads\/2025\/10\/cropped-ChatGPT-Image-28-oct.-2025-18_28_26.png\",\"contentUrl\":\"https:\/\/rj-experience.com\/wp-content\/uploads\/2025\/10\/cropped-ChatGPT-Image-28-oct.-2025-18_28_26.png\",\"width\":512,\"height\":512,\"caption\":\"RJ Exp\u00e9rience\"},\"image\":{\"@id\":\"https:\/\/rj-experience.com\/#\/schema\/logo\/image\/\"}}]}<\/script>\n<!-- \/ Yoast SEO plugin. -->","yoast_head_json":{"title":"Exp\u00e9riences de camping, bivouac ou survie en pleine nature - RJ Exp\u00e9rience","robots":{"index":"index","follow":"follow","max-snippet":"max-snippet:-1","max-image-preview":"max-image-preview:large","max-video-preview":"max-video-preview:-1"},"canonical":"https:\/\/rj-experience.com\/index.php\/experiences-de-camping-bivouac-ou-survie-en-pleine-nature\/","og_locale":"en_US","og_type":"article","og_title":"Exp\u00e9riences de camping, bivouac ou survie en pleine nature - RJ Exp\u00e9rience","og_description":"Exp\u00e9riences de camping, bivouac et survie en pleine nature Les exp\u00e9riences de camping, de bivouac et de survie en pleine nature offrent une immersion totale loin du confort moderne, permettant de renouer avec l\u2019essentiel. Passer une ou plusieurs nuits en pleine nature, sous une tente ou \u00e0 la belle \u00e9toile, d\u00e9veloppe une relation profonde avec [&hellip;]","og_url":"https:\/\/rj-experience.com\/index.php\/experiences-de-camping-bivouac-ou-survie-en-pleine-nature\/","og_site_name":"RJ Exp\u00e9rience","article_modified_time":"2026-01-13T16:01:26+00:00","twitter_card":"summary_large_image","twitter_misc":{"Est. reading time":"2 minutes"},"schema":{"@context":"https:\/\/schema.org","@graph":[{"@type":"WebPage","@id":"https:\/\/rj-experience.com\/index.php\/experiences-de-camping-bivouac-ou-survie-en-pleine-nature\/","url":"https:\/\/rj-experience.com\/index.php\/experiences-de-camping-bivouac-ou-survie-en-pleine-nature\/","name":"Exp\u00e9riences de camping, bivouac ou survie en pleine nature - RJ Exp\u00e9rience","isPartOf":{"@id":"https:\/\/rj-experience.com\/#website"},"datePublished":"2026-01-13T15:58:22+00:00","dateModified":"2026-01-13T16:01:26+00:00","breadcrumb":{"@id":"https:\/\/rj-experience.com\/index.php\/experiences-de-camping-bivouac-ou-survie-en-pleine-nature\/#breadcrumb"},"inLanguage":"en-US","potentialAction":[{"@type":"ReadAction","target":["https:\/\/rj-experience.com\/index.php\/experiences-de-camping-bivouac-ou-survie-en-pleine-nature\/"]}]},{"@type":"BreadcrumbList","@id":"https:\/\/rj-experience.com\/index.php\/experiences-de-camping-bivouac-ou-survie-en-pleine-nature\/#breadcrumb","itemListElement":[{"@type":"ListItem","position":1,"name":"Home","item":"https:\/\/rj-experience.com\/"},{"@type":"ListItem","position":2,"name":"Exp\u00e9riences de camping, bivouac ou survie en pleine nature"}]},{"@type":"WebSite","@id":"https:\/\/rj-experience.com\/#website","url":"https:\/\/rj-experience.com\/","name":"RJ Exp\u00e9rience","description":"","publisher":{"@id":"https:\/\/rj-experience.com\/#organization"},"potentialAction":[{"@type":"SearchAction","target":{"@type":"EntryPoint","urlTemplate":"https:\/\/rj-experience.com\/?s={search_term_string}"},"query-input":{"@type":"PropertyValueSpecification","valueRequired":true,"valueName":"search_term_string"}}],"inLanguage":"en-US"},{"@type":"Organization","@id":"https:\/\/rj-experience.com\/#organization","name":"RJ Exp\u00e9rience","url":"https:\/\/rj-experience.com\/","logo":{"@type":"ImageObject","inLanguage":"en-US","@id":"https:\/\/rj-experience.com\/#\/schema\/logo\/image\/","url":"https:\/\/rj-experience.com\/wp-content\/uploads\/2025\/10\/cropped-ChatGPT-Image-28-oct.-2025-18_28_26.png","contentUrl":"https:\/\/rj-experience.com\/wp-content\/uploads\/2025\/10\/cropped-ChatGPT-Image-28-oct.-2025-18_28_26.png","width":512,"height":512,"caption":"RJ Exp\u00e9rience"},"image":{"@id":"https:\/\/rj-experience.com\/#\/schema\/logo\/image\/"}}]}},"_links":{"self":[{"href":"https:\/\/rj-experience.com\/index.php\/wp-json\/wp\/v2\/pages\/1836","targetHints":{"allow":["GET"]}}],"collection":[{"href":"https:\/\/rj-experience.com\/index.php\/wp-json\/wp\/v2\/pages"}],"about":[{"href":"https:\/\/rj-experience.com\/index.php\/wp-json\/wp\/v2\/types\/page"}],"author":[{"embeddable":true,"href":"https:\/\/rj-experience.com\/index.php\/wp-json\/wp\/v2\/users\/1"}],"replies":[{"embeddable":true,"href":"https:\/\/rj-experience.com\/index.php\/wp-json\/wp\/v2\/comments?post=1836"}],"version-history":[{"count":4,"href":"https:\/\/rj-experience.com\/index.php\/wp-json\/wp\/v2\/pages\/1836\/revisions"}],"predecessor-version":[{"id":1847,"href":"https:\/\/rj-experience.com\/index.php\/wp-json\/wp\/v2\/pages\/1836\/revisions\/1847"}],"wp:attachment":[{"href":"https:\/\/rj-experience.com\/index.php\/wp-json\/wp\/v2\/media?parent=1836"}],"curies":[{"name":"wp","href":"https:\/\/api.w.org\/{rel}","templated":true}]}}