{"id":1774,"date":"2026-01-12T16:17:46","date_gmt":"2026-01-12T16:17:46","guid":{"rendered":"https:\/\/rj-experience.com\/?page_id=1774"},"modified":"2026-01-13T16:00:57","modified_gmt":"2026-01-13T16:00:57","slug":"voyages-et-decouverte","status":"publish","type":"page","link":"https:\/\/rj-experience.com\/index.php\/voyages-et-decouverte\/","title":{"rendered":"Voyages et d\u00e9couverte"},"content":{"rendered":"\t\t<div data-elementor-type=\"wp-page\" data-elementor-id=\"1774\" class=\"elementor elementor-1774\">\n\t\t\t\t<div class=\"elementor-element elementor-element-8353560 e-grid e-con-boxed e-con e-parent\" data-id=\"8353560\" data-element_type=\"container\">\n\t\t\t\t\t<div class=\"e-con-inner\">\n\t\t\t\t<div class=\"elementor-element elementor-element-4002209 elementor-widget elementor-widget-image\" data-id=\"4002209\" data-element_type=\"widget\" data-widget_type=\"image.default\">\n\t\t\t\t\t\t\t\t\t\t\t\t\t\t\t\t<a href=\"https:\/\/rj-experience.com\/index.php\/sejour-dans-un-pays-etranger-culture-gastronomie-vie-locale\/\">\n\t\t\t\t\t\t\t<img fetchpriority=\"high\" decoding=\"async\" width=\"284\" height=\"177\" src=\"https:\/\/rj-experience.com\/wp-content\/uploads\/2026\/01\/images-2.jpg\" class=\"attachment-large size-large wp-image-1787\" alt=\"\" \/>\t\t\t\t\t\t\t\t<\/a>\n\t\t\t\t\t\t\t\t\t\t\t\t\t\t\t<\/div>\n\t\t\t\t<div class=\"elementor-element elementor-element-f72e1af elementor-widget elementor-widget-heading\" data-id=\"f72e1af\" data-element_type=\"widget\" data-widget_type=\"heading.default\">\n\t\t\t\t\t<h2 class=\"elementor-heading-title elementor-size-default\"><a href=\"https:\/\/rj-experience.com\/index.php\/sejour-dans-un-pays-etranger-culture-gastronomie-vie-locale\/\">S\u00e9jour dans un pays \u00e9tranger (culture, gastronomie, vie locale)<\/a><\/h2>\t\t\t\t<\/div>\n\t\t\t\t\t<\/div>\n\t\t\t\t<\/div>\n\t\t<div class=\"elementor-element elementor-element-758bbc9 e-grid e-con-boxed e-con e-parent\" data-id=\"758bbc9\" data-element_type=\"container\">\n\t\t\t\t\t<div class=\"e-con-inner\">\n\t\t\t\t<div class=\"elementor-element elementor-element-3dca333 elementor-widget elementor-widget-image\" data-id=\"3dca333\" data-element_type=\"widget\" data-widget_type=\"image.default\">\n\t\t\t\t\t\t\t\t\t\t\t\t\t\t\t\t<a href=\"https:\/\/rj-experience.com\/index.php\/randonnees-ou-trek-en-montagne\/\">\n\t\t\t\t\t\t\t<img decoding=\"async\" width=\"640\" height=\"336\" src=\"https:\/\/rj-experience.com\/wp-content\/uploads\/2026\/01\/trekking-1024x538.jpg\" class=\"attachment-large size-large wp-image-1825\" alt=\"\" srcset=\"https:\/\/rj-experience.com\/wp-content\/uploads\/2026\/01\/trekking-1024x538.jpg 1024w, https:\/\/rj-experience.com\/wp-content\/uploads\/2026\/01\/trekking-300x158.jpg 300w, https:\/\/rj-experience.com\/wp-content\/uploads\/2026\/01\/trekking-768x403.jpg 768w, https:\/\/rj-experience.com\/wp-content\/uploads\/2026\/01\/trekking.jpg 1200w\" sizes=\"(max-width: 640px) 100vw, 640px\" \/>\t\t\t\t\t\t\t\t<\/a>\n\t\t\t\t\t\t\t\t\t\t\t\t\t\t\t<\/div>\n\t\t\t\t<div class=\"elementor-element elementor-element-1d58a3b elementor-widget elementor-widget-heading\" data-id=\"1d58a3b\" data-element_type=\"widget\" data-widget_type=\"heading.default\">\n\t\t\t\t\t<h1 class=\"elementor-heading-title elementor-size-default\"><a href=\"https:\/\/rj-experience.com\/index.php\/randonnees-ou-trek-en-montagne\/\">Randonn\u00e9es ou trek en montagne<\/a><\/h1>\t\t\t\t<\/div>\n\t\t\t\t\t<\/div>\n\t\t\t\t<\/div>\n\t\t<div class=\"elementor-element elementor-element-e6ccb4e e-grid e-con-boxed e-con e-parent\" data-id=\"e6ccb4e\" data-element_type=\"container\">\n\t\t\t\t\t<div class=\"e-con-inner\">\n\t\t\t\t<div class=\"elementor-element elementor-element-f671f01 elementor-widget elementor-widget-image\" data-id=\"f671f01\" data-element_type=\"widget\" data-widget_type=\"image.default\">\n\t\t\t\t\t\t\t\t\t\t\t\t\t\t\t\t<a href=\"https:\/\/rj-experience.com\/index.php\/experiences-de-camping-bivouac-ou-survie-en-pleine-nature\/\">\n\t\t\t\t\t\t\t<img decoding=\"async\" width=\"640\" height=\"416\" src=\"https:\/\/rj-experience.com\/wp-content\/uploads\/2026\/01\/Vacances-insolites-comment-essayer-les-sejours-immersifs-de-survie-en-pleine-nature-1024x666.jpg\" class=\"attachment-large size-large wp-image-1838\" alt=\"\" srcset=\"https:\/\/rj-experience.com\/wp-content\/uploads\/2026\/01\/Vacances-insolites-comment-essayer-les-sejours-immersifs-de-survie-en-pleine-nature-1024x666.jpg 1024w, https:\/\/rj-experience.com\/wp-content\/uploads\/2026\/01\/Vacances-insolites-comment-essayer-les-sejours-immersifs-de-survie-en-pleine-nature-300x195.jpg 300w, https:\/\/rj-experience.com\/wp-content\/uploads\/2026\/01\/Vacances-insolites-comment-essayer-les-sejours-immersifs-de-survie-en-pleine-nature-768x499.jpg 768w, https:\/\/rj-experience.com\/wp-content\/uploads\/2026\/01\/Vacances-insolites-comment-essayer-les-sejours-immersifs-de-survie-en-pleine-nature.jpg 1280w\" sizes=\"(max-width: 640px) 100vw, 640px\" \/>\t\t\t\t\t\t\t\t<\/a>\n\t\t\t\t\t\t\t\t\t\t\t\t\t\t\t<\/div>\n\t\t\t\t<div class=\"elementor-element elementor-element-8c5d95c elementor-widget elementor-widget-heading\" data-id=\"8c5d95c\" data-element_type=\"widget\" data-widget_type=\"heading.default\">\n\t\t\t\t\t<h1 class=\"elementor-heading-title elementor-size-default\"><a href=\"https:\/\/rj-experience.com\/index.php\/experiences-de-camping-bivouac-ou-survie-en-pleine-nature\/\">Exp\u00e9riences de camping, bivouac ou survie en pleine nature<\/a><\/h1>\t\t\t\t<\/div>\n\t\t\t\t\t<\/div>\n\t\t\t\t<\/div>\n\t\t\t\t<\/div>\n\t\t","protected":false},"excerpt":{"rendered":"<p>S\u00e9jour dans un pays \u00e9tranger (culture, gastronomie, vie locale) Randonn\u00e9es ou trek en montagne Exp\u00e9riences de camping, bivouac ou survie en pleine nature<\/p>\n","protected":false},"author":1,"featured_media":0,"parent":0,"menu_order":0,"comment_status":"closed","ping_status":"closed","template":"","meta":{"footnotes":""},"class_list":["post-1774","page","type-page","status-publish","hentry"],"yoast_head":"<!-- This site is optimized with the Yoast SEO plugin v26.2 - https:\/\/yoast.com\/wordpress\/plugins\/seo\/ -->\n<title>Voyages et d\u00e9couverte - RJ Exp\u00e9rience<\/title>\n<meta name=\"robots\" content=\"index, follow, max-snippet:-1, max-image-preview:large, max-video-preview:-1\" \/>\n<link rel=\"canonical\" href=\"https:\/\/rj-experience.com\/index.php\/voyages-et-decouverte\/\" \/>\n<meta property=\"og:locale\" content=\"en_US\" \/>\n<meta property=\"og:type\" content=\"article\" \/>\n<meta property=\"og:title\" content=\"Voyages et d\u00e9couverte - RJ Exp\u00e9rience\" \/>\n<meta property=\"og:description\" content=\"S\u00e9jour dans un pays \u00e9tranger (culture, gastronomie, vie locale) Randonn\u00e9es ou trek en montagne Exp\u00e9riences de camping, bivouac ou survie en pleine nature\" \/>\n<meta property=\"og:url\" content=\"https:\/\/rj-experience.com\/index.php\/voyages-et-decouverte\/\" \/>\n<meta property=\"og:site_name\" content=\"RJ Exp\u00e9rience\" \/>\n<meta property=\"article:modified_time\" content=\"2026-01-13T16:00:57+00:00\" \/>\n<meta property=\"og:image\" content=\"https:\/\/rj-experience.com\/wp-content\/uploads\/2026\/01\/images-2.jpg\" \/>\n\t<meta property=\"og:image:width\" content=\"284\" \/>\n\t<meta property=\"og:image:height\" content=\"177\" \/>\n\t<meta property=\"og:image:type\" content=\"image\/jpeg\" \/>\n<meta name=\"twitter:card\" content=\"summary_large_image\" \/>\n<meta name=\"twitter:label1\" content=\"Est. reading time\" \/>\n\t<meta name=\"twitter:data1\" content=\"1 minute\" \/>\n<script type=\"application\/ld+json\" class=\"yoast-schema-graph\">{\"@context\":\"https:\/\/schema.org\",\"@graph\":[{\"@type\":\"WebPage\",\"@id\":\"https:\/\/rj-experience.com\/index.php\/voyages-et-decouverte\/\",\"url\":\"https:\/\/rj-experience.com\/index.php\/voyages-et-decouverte\/\",\"name\":\"Voyages et d\u00e9couverte - RJ Exp\u00e9rience\",\"isPartOf\":{\"@id\":\"https:\/\/rj-experience.com\/#website\"},\"primaryImageOfPage\":{\"@id\":\"https:\/\/rj-experience.com\/index.php\/voyages-et-decouverte\/#primaryimage\"},\"image\":{\"@id\":\"https:\/\/rj-experience.com\/index.php\/voyages-et-decouverte\/#primaryimage\"},\"thumbnailUrl\":\"https:\/\/rj-experience.com\/wp-content\/uploads\/2026\/01\/images-2.jpg\",\"datePublished\":\"2026-01-12T16:17:46+00:00\",\"dateModified\":\"2026-01-13T16:00:57+00:00\",\"breadcrumb\":{\"@id\":\"https:\/\/rj-experience.com\/index.php\/voyages-et-decouverte\/#breadcrumb\"},\"inLanguage\":\"en-US\",\"potentialAction\":[{\"@type\":\"ReadAction\",\"target\":[\"https:\/\/rj-experience.com\/index.php\/voyages-et-decouverte\/\"]}]},{\"@type\":\"ImageObject\",\"inLanguage\":\"en-US\",\"@id\":\"https:\/\/rj-experience.com\/index.php\/voyages-et-decouverte\/#primaryimage\",\"url\":\"https:\/\/rj-experience.com\/wp-content\/uploads\/2026\/01\/images-2.jpg\",\"contentUrl\":\"https:\/\/rj-experience.com\/wp-content\/uploads\/2026\/01\/images-2.jpg\",\"width\":284,\"height\":177},{\"@type\":\"BreadcrumbList\",\"@id\":\"https:\/\/rj-experience.com\/index.php\/voyages-et-decouverte\/#breadcrumb\",\"itemListElement\":[{\"@type\":\"ListItem\",\"position\":1,\"name\":\"Home\",\"item\":\"https:\/\/rj-experience.com\/\"},{\"@type\":\"ListItem\",\"position\":2,\"name\":\"Voyages et d\u00e9couverte\"}]},{\"@type\":\"WebSite\",\"@id\":\"https:\/\/rj-experience.com\/#website\",\"url\":\"https:\/\/rj-experience.com\/\",\"name\":\"RJ Exp\u00e9rience\",\"description\":\"\",\"publisher\":{\"@id\":\"https:\/\/rj-experience.com\/#organization\"},\"potentialAction\":[{\"@type\":\"SearchAction\",\"target\":{\"@type\":\"EntryPoint\",\"urlTemplate\":\"https:\/\/rj-experience.com\/?s={search_term_string}\"},\"query-input\":{\"@type\":\"PropertyValueSpecification\",\"valueRequired\":true,\"valueName\":\"search_term_string\"}}],\"inLanguage\":\"en-US\"},{\"@type\":\"Organization\",\"@id\":\"https:\/\/rj-experience.com\/#organization\",\"name\":\"RJ Exp\u00e9rience\",\"url\":\"https:\/\/rj-experience.com\/\",\"logo\":{\"@type\":\"ImageObject\",\"inLanguage\":\"en-US\",\"@id\":\"https:\/\/rj-experience.com\/#\/schema\/logo\/image\/\",\"url\":\"https:\/\/rj-experience.com\/wp-content\/uploads\/2025\/10\/cropped-ChatGPT-Image-28-oct.-2025-18_28_26.png\",\"contentUrl\":\"https:\/\/rj-experience.com\/wp-content\/uploads\/2025\/10\/cropped-ChatGPT-Image-28-oct.-2025-18_28_26.png\",\"width\":512,\"height\":512,\"caption\":\"RJ Exp\u00e9rience\"},\"image\":{\"@id\":\"https:\/\/rj-experience.com\/#\/schema\/logo\/image\/\"}}]}<\/script>\n<!-- \/ Yoast SEO plugin. -->","yoast_head_json":{"title":"Voyages et d\u00e9couverte - RJ Exp\u00e9rience","robots":{"index":"index","follow":"follow","max-snippet":"max-snippet:-1","max-image-preview":"max-image-preview:large","max-video-preview":"max-video-preview:-1"},"canonical":"https:\/\/rj-experience.com\/index.php\/voyages-et-decouverte\/","og_locale":"en_US","og_type":"article","og_title":"Voyages et d\u00e9couverte - RJ Exp\u00e9rience","og_description":"S\u00e9jour dans un pays \u00e9tranger (culture, gastronomie, vie locale) Randonn\u00e9es ou trek en montagne Exp\u00e9riences de camping, bivouac ou survie en pleine nature","og_url":"https:\/\/rj-experience.com\/index.php\/voyages-et-decouverte\/","og_site_name":"RJ Exp\u00e9rience","article_modified_time":"2026-01-13T16:00:57+00:00","og_image":[{"width":284,"height":177,"url":"https:\/\/rj-experience.com\/wp-content\/uploads\/2026\/01\/images-2.jpg","type":"image\/jpeg"}],"twitter_card":"summary_large_image","twitter_misc":{"Est. reading time":"1 minute"},"schema":{"@context":"https:\/\/schema.org","@graph":[{"@type":"WebPage","@id":"https:\/\/rj-experience.com\/index.php\/voyages-et-decouverte\/","url":"https:\/\/rj-experience.com\/index.php\/voyages-et-decouverte\/","name":"Voyages et d\u00e9couverte - RJ Exp\u00e9rience","isPartOf":{"@id":"https:\/\/rj-experience.com\/#website"},"primaryImageOfPage":{"@id":"https:\/\/rj-experience.com\/index.php\/voyages-et-decouverte\/#primaryimage"},"image":{"@id":"https:\/\/rj-experience.com\/index.php\/voyages-et-decouverte\/#primaryimage"},"thumbnailUrl":"https:\/\/rj-experience.com\/wp-content\/uploads\/2026\/01\/images-2.jpg","datePublished":"2026-01-12T16:17:46+00:00","dateModified":"2026-01-13T16:00:57+00:00","breadcrumb":{"@id":"https:\/\/rj-experience.com\/index.php\/voyages-et-decouverte\/#breadcrumb"},"inLanguage":"en-US","potentialAction":[{"@type":"ReadAction","target":["https:\/\/rj-experience.com\/index.php\/voyages-et-decouverte\/"]}]},{"@type":"ImageObject","inLanguage":"en-US","@id":"https:\/\/rj-experience.com\/index.php\/voyages-et-decouverte\/#primaryimage","url":"https:\/\/rj-experience.com\/wp-content\/uploads\/2026\/01\/images-2.jpg","contentUrl":"https:\/\/rj-experience.com\/wp-content\/uploads\/2026\/01\/images-2.jpg","width":284,"height":177},{"@type":"BreadcrumbList","@id":"https:\/\/rj-experience.com\/index.php\/voyages-et-decouverte\/#breadcrumb","itemListElement":[{"@type":"ListItem","position":1,"name":"Home","item":"https:\/\/rj-experience.com\/"},{"@type":"ListItem","position":2,"name":"Voyages et d\u00e9couverte"}]},{"@type":"WebSite","@id":"https:\/\/rj-experience.com\/#website","url":"https:\/\/rj-experience.com\/","name":"RJ Exp\u00e9rience","description":"","publisher":{"@id":"https:\/\/rj-experience.com\/#organization"},"potentialAction":[{"@type":"SearchAction","target":{"@type":"EntryPoint","urlTemplate":"https:\/\/rj-experience.com\/?s={search_term_string}"},"query-input":{"@type":"PropertyValueSpecification","valueRequired":true,"valueName":"search_term_string"}}],"inLanguage":"en-US"},{"@type":"Organization","@id":"https:\/\/rj-experience.com\/#organization","name":"RJ Exp\u00e9rience","url":"https:\/\/rj-experience.com\/","logo":{"@type":"ImageObject","inLanguage":"en-US","@id":"https:\/\/rj-experience.com\/#\/schema\/logo\/image\/","url":"https:\/\/rj-experience.com\/wp-content\/uploads\/2025\/10\/cropped-ChatGPT-Image-28-oct.-2025-18_28_26.png","contentUrl":"https:\/\/rj-experience.com\/wp-content\/uploads\/2025\/10\/cropped-ChatGPT-Image-28-oct.-2025-18_28_26.png","width":512,"height":512,"caption":"RJ Exp\u00e9rience"},"image":{"@id":"https:\/\/rj-experience.com\/#\/schema\/logo\/image\/"}}]}},"_links":{"self":[{"href":"https:\/\/rj-experience.com\/index.php\/wp-json\/wp\/v2\/pages\/1774","targetHints":{"allow":["GET"]}}],"collection":[{"href":"https:\/\/rj-experience.com\/index.php\/wp-json\/wp\/v2\/pages"}],"about":[{"href":"https:\/\/rj-experience.com\/index.php\/wp-json\/wp\/v2\/types\/page"}],"author":[{"embeddable":true,"href":"https:\/\/rj-experience.com\/index.php\/wp-json\/wp\/v2\/users\/1"}],"replies":[{"embeddable":true,"href":"https:\/\/rj-experience.com\/index.php\/wp-json\/wp\/v2\/comments?post=1774"}],"version-history":[{"count":10,"href":"https:\/\/rj-experience.com\/index.php\/wp-json\/wp\/v2\/pages\/1774\/revisions"}],"predecessor-version":[{"id":1844,"href":"https:\/\/rj-experience.com\/index.php\/wp-json\/wp\/v2\/pages\/1774\/revisions\/1844"}],"wp:attachment":[{"href":"https:\/\/rj-experience.com\/index.php\/wp-json\/wp\/v2\/media?parent=1774"}],"curies":[{"name":"wp","href":"https:\/\/api.w.org\/{rel}","templated":true}]}}