{"id":1673,"date":"2025-12-22T16:28:05","date_gmt":"2025-12-22T16:28:05","guid":{"rendered":"https:\/\/rj-experience.com\/?page_id=1673"},"modified":"2026-02-02T18:09:12","modified_gmt":"2026-02-02T18:09:12","slug":"lunivers-2","status":"publish","type":"page","link":"https:\/\/rj-experience.com\/index.php\/lunivers-2\/","title":{"rendered":"L&#8217;univers"},"content":{"rendered":"\t\t<div data-elementor-type=\"wp-page\" data-elementor-id=\"1673\" class=\"elementor elementor-1673\">\n\t\t\t\t<div class=\"elementor-element elementor-element-8560e9d e-flex e-con-boxed e-con e-parent\" data-id=\"8560e9d\" data-element_type=\"container\">\n\t\t\t\t\t<div class=\"e-con-inner\">\n\t\t\t\t<div class=\"elementor-element elementor-element-7e77b35 elementor-widget elementor-widget-text-editor\" data-id=\"7e77b35\" data-element_type=\"widget\" data-widget_type=\"text-editor.default\">\n\t\t\t\t\t\t\t\t\t<h2 data-start=\"255\" data-end=\"297\"><strong data-start=\"258\" data-end=\"297\">L\u2019Univers : exploration de l\u2019infini<\/strong><\/h2><p data-start=\"299\" data-end=\"481\">L\u2019Univers est tout ce qui existe.<br data-start=\"332\" data-end=\"335\" \/>Il englobe l\u2019espace, le temps, la mati\u00e8re et l\u2019\u00e9nergie.<br data-start=\"390\" data-end=\"393\" \/>Il n\u2019a ni bord visible ni centre connu.<br data-start=\"432\" data-end=\"435\" \/>Son immensit\u00e9 d\u00e9passe l\u2019imagination humaine.<\/p><p data-start=\"483\" data-end=\"701\">Depuis des mill\u00e9naires, l\u2019Univers fascine l\u2019humanit\u00e9.<br data-start=\"536\" data-end=\"539\" \/>Les civilisations anciennes observaient le ciel.<br data-start=\"587\" data-end=\"590\" \/>Elles cherchaient \u00e0 comprendre les mouvements des astres.<br data-start=\"647\" data-end=\"650\" \/>Les \u00e9toiles guidaient les voyageurs et les r\u00eaves.<\/p><p data-start=\"703\" data-end=\"888\">L\u2019Univers est n\u00e9 il y a environ 13,8 milliards d\u2019ann\u00e9es.<br data-start=\"759\" data-end=\"762\" \/>Cette naissance est appel\u00e9e le Big Bang.<br data-start=\"802\" data-end=\"805\" \/>Il marque le d\u00e9but du temps et de l\u2019espace.<br data-start=\"848\" data-end=\"851\" \/>Depuis, l\u2019Univers est en expansion.<\/p><p data-start=\"890\" data-end=\"1081\">Au commencement, tout \u00e9tait extr\u00eamement chaud et dense.<br data-start=\"945\" data-end=\"948\" \/>Puis la mati\u00e8re s\u2019est progressivement form\u00e9e.<br data-start=\"993\" data-end=\"996\" \/>Les premi\u00e8res particules sont apparues.<br data-start=\"1035\" data-end=\"1038\" \/>Ensuite, les premi\u00e8res \u00e9toiles sont n\u00e9es.<\/p><p data-start=\"1083\" data-end=\"1267\">Les galaxies sont les grandes structures de l\u2019Univers.<br data-start=\"1137\" data-end=\"1140\" \/>Elles contiennent des milliards d\u2019\u00e9toiles.<br data-start=\"1182\" data-end=\"1185\" \/>Elles existent sous diff\u00e9rentes formes.<br data-start=\"1224\" data-end=\"1227\" \/>Spirales, elliptiques ou irr\u00e9guli\u00e8res.<\/p><p data-start=\"1269\" data-end=\"1444\">Notre galaxie s\u2019appelle la Voie lact\u00e9e.<br data-start=\"1308\" data-end=\"1311\" \/>Elle abrite le syst\u00e8me solaire.<br data-start=\"1342\" data-end=\"1345\" \/>Elle mesure environ 100 000 ann\u00e9es-lumi\u00e8re.<br data-start=\"1388\" data-end=\"1391\" \/>Elle contient des centaines de milliards d\u2019\u00e9toiles.<\/p><p data-start=\"1446\" data-end=\"1616\">Chaque \u00e9toile est une immense boule de gaz.<br data-start=\"1489\" data-end=\"1492\" \/>Elle produit de l\u2019\u00e9nergie par fusion nucl\u00e9aire.<br data-start=\"1539\" data-end=\"1542\" \/>Le Soleil est une \u00e9toile moyenne.<br data-start=\"1575\" data-end=\"1578\" \/>Il est essentiel \u00e0 la vie sur Terre.<\/p><p data-start=\"1618\" data-end=\"1785\">Autour de certaines \u00e9toiles gravitent des plan\u00e8tes.<br data-start=\"1669\" data-end=\"1672\" \/>On les appelle des exoplan\u00e8tes.<br data-start=\"1703\" data-end=\"1706\" \/>Des milliers ont d\u00e9j\u00e0 \u00e9t\u00e9 d\u00e9couvertes.<br data-start=\"1744\" data-end=\"1747\" \/>Certaines pourraient abriter la vie.<\/p><p data-start=\"1787\" data-end=\"1914\">Les plan\u00e8tes varient \u00e9norm\u00e9ment.<br data-start=\"1819\" data-end=\"1822\" \/>Certaines sont rocheuses.<br data-start=\"1847\" data-end=\"1850\" \/>D\u2019autres sont gazeuses.<br data-start=\"1873\" data-end=\"1876\" \/>Leurs conditions sont tr\u00e8s diverses.<\/p><p data-start=\"1916\" data-end=\"2085\">Les syst\u00e8mes stellaires forment des galaxies.<br data-start=\"1961\" data-end=\"1964\" \/>Les galaxies se regroupent en amas.<br data-start=\"1999\" data-end=\"2002\" \/>Ces amas forment de vastes structures.<br data-start=\"2040\" data-end=\"2043\" \/>L\u2019Univers est organis\u00e9 \u00e0 grande \u00e9chelle.<\/p><p data-start=\"2087\" data-end=\"2274\">L\u2019espace entre les \u00e9toiles semble vide.<br data-start=\"2126\" data-end=\"2129\" \/>Pourtant, il contient du gaz et de la poussi\u00e8re.<br data-start=\"2177\" data-end=\"2180\" \/>Ces \u00e9l\u00e9ments sont essentiels \u00e0 la formation stellaire.<br data-start=\"2234\" data-end=\"2237\" \/>Ils cr\u00e9ent des n\u00e9buleuses color\u00e9es.<\/p><p data-start=\"2276\" data-end=\"2459\">Les n\u00e9buleuses sont des berceaux d\u2019\u00e9toiles.<br data-start=\"2319\" data-end=\"2322\" \/>Elles offrent des paysages spectaculaires.<br data-start=\"2364\" data-end=\"2367\" \/>Elles sont observ\u00e9es par des t\u00e9lescopes spatiaux.<br data-start=\"2416\" data-end=\"2419\" \/>Elles r\u00e9v\u00e8lent la beaut\u00e9 de l\u2019Univers.<\/p><p data-start=\"2461\" data-end=\"2630\">Les trous noirs sont parmi les objets les plus extr\u00eames.<br data-start=\"2517\" data-end=\"2520\" \/>Ils naissent de l\u2019effondrement d\u2019\u00e9toiles massives.<br data-start=\"2570\" data-end=\"2573\" \/>Leur gravit\u00e9 est immense.<br data-start=\"2598\" data-end=\"2601\" \/>Rien ne peut leur \u00e9chapper.<\/p><p data-start=\"2632\" data-end=\"2803\">Les trous noirs d\u00e9forment l\u2019espace-temps.<br data-start=\"2673\" data-end=\"2676\" \/>Ils influencent leur environnement.<br data-start=\"2711\" data-end=\"2714\" \/>Ils jouent un r\u00f4le cl\u00e9 dans l\u2019\u00e9volution des galaxies.<br data-start=\"2767\" data-end=\"2770\" \/>Ils restent encore mal compris.<\/p><p data-start=\"2805\" data-end=\"2948\">Le temps et l\u2019espace sont li\u00e9s.<br data-start=\"2836\" data-end=\"2839\" \/>Cette id\u00e9e vient de la relativit\u00e9.<br data-start=\"2873\" data-end=\"2876\" \/>Le temps ralentit pr\u00e8s des objets massifs.<br data-start=\"2918\" data-end=\"2921\" \/>L\u2019Univers n\u2019est pas fig\u00e9.<\/p><p data-start=\"2950\" data-end=\"3113\">La lumi\u00e8re est un messager cosmique.<br data-start=\"2986\" data-end=\"2989\" \/>Elle met du temps \u00e0 voyager.<br data-start=\"3017\" data-end=\"3020\" \/>Observer loin, c\u2019est observer le pass\u00e9.<br data-start=\"3059\" data-end=\"3062\" \/>Les \u00e9toiles lointaines montrent l\u2019Univers ancien.<\/p><p data-start=\"3115\" data-end=\"3283\">Les t\u00e9lescopes modernes scrutent l\u2019Univers.<br data-start=\"3158\" data-end=\"3161\" \/>Ils observent diff\u00e9rentes longueurs d\u2019onde.<br data-start=\"3204\" data-end=\"3207\" \/>Ils r\u00e9v\u00e8lent l\u2019invisible.<br data-start=\"3232\" data-end=\"3235\" \/>Ils repoussent les limites de la connaissance.<\/p><p data-start=\"3285\" data-end=\"3443\">Les satellites \u00e9tudient le fond cosmique.<br data-start=\"3326\" data-end=\"3329\" \/>Il s\u2019agit de la lumi\u00e8re du Big Bang.<br data-start=\"3365\" data-end=\"3368\" \/>Elle remplit tout l\u2019Univers.<br data-start=\"3396\" data-end=\"3399\" \/>Elle contient des informations pr\u00e9cieuses.<\/p><p data-start=\"3445\" data-end=\"3580\">Une grande partie de l\u2019Univers est invisible.<br data-start=\"3490\" data-end=\"3493\" \/>On parle de mati\u00e8re noire.<br data-start=\"3519\" data-end=\"3522\" \/>Elle n\u2019\u00e9met pas de lumi\u00e8re.<br data-start=\"3549\" data-end=\"3552\" \/>Elle influence la gravit\u00e9.<\/p><p data-start=\"3582\" data-end=\"3733\">L\u2019\u00e9nergie noire est encore plus myst\u00e9rieuse.<br data-start=\"3626\" data-end=\"3629\" \/>Elle acc\u00e9l\u00e8re l\u2019expansion de l\u2019Univers.<br data-start=\"3668\" data-end=\"3671\" \/>Elle domine le contenu cosmique.<br data-start=\"3703\" data-end=\"3706\" \/>Sa nature reste inconnue.<\/p><p data-start=\"3735\" data-end=\"3861\">L\u2019Univers \u00e9volue constamment.<br data-start=\"3764\" data-end=\"3767\" \/>Les \u00e9toiles naissent et meurent.<br data-start=\"3799\" data-end=\"3802\" \/>Les galaxies entrent en collision.<br data-start=\"3836\" data-end=\"3839\" \/>Rien n\u2019est immobile.<\/p><p data-start=\"3863\" data-end=\"4051\">L\u2019exploration spatiale aide \u00e0 comprendre l\u2019Univers.<br data-start=\"3914\" data-end=\"3917\" \/>Les sondes voyagent loin dans l\u2019espace.<br data-start=\"3956\" data-end=\"3959\" \/>Elles transmettent des donn\u00e9es pr\u00e9cieuses.<br data-start=\"4001\" data-end=\"4004\" \/>Chaque mission est une aventure scientifique.<\/p><p data-start=\"4053\" data-end=\"4192\">L\u2019homme a march\u00e9 sur la Lune.<br data-start=\"4082\" data-end=\"4085\" \/>Des robots explorent Mars.<br data-start=\"4111\" data-end=\"4114\" \/>Des projets visent les confins du syst\u00e8me solaire.<br data-start=\"4164\" data-end=\"4167\" \/>L\u2019exploration continue.<\/p><p data-start=\"4194\" data-end=\"4317\">L\u2019Univers pose de grandes questions.<br data-start=\"4230\" data-end=\"4233\" \/>Sommes-nous seuls ?<br data-start=\"4252\" data-end=\"4255\" \/>D\u2019o\u00f9 venons-nous ?<br data-start=\"4273\" data-end=\"4276\" \/>Quel est le destin final de l\u2019Univers ?<\/p><p data-start=\"4319\" data-end=\"4476\">Certaines th\u00e9ories \u00e9voquent un Univers infini.<br data-start=\"4365\" data-end=\"4368\" \/>D\u2019autres parlent de multivers.<br data-start=\"4398\" data-end=\"4401\" \/>Plusieurs Univers pourraient exister.<br data-start=\"4438\" data-end=\"4441\" \/>Ces id\u00e9es stimulent la recherche.<\/p><p data-start=\"4478\" data-end=\"4602\">L\u2019Univers inspire la philosophie.<br data-start=\"4511\" data-end=\"4514\" \/>Il interroge notre place.<br data-start=\"4539\" data-end=\"4542\" \/>Il rappelle notre petitesse.<br data-start=\"4570\" data-end=\"4573\" \/>Mais aussi notre curiosit\u00e9.<\/p><p data-start=\"4604\" data-end=\"4767\">La science progresse gr\u00e2ce \u00e0 l\u2019observation.<br data-start=\"4647\" data-end=\"4650\" \/>Chaque d\u00e9couverte ouvre de nouvelles pistes.<br data-start=\"4694\" data-end=\"4697\" \/>L\u2019Univers n\u2019a pas fini de surprendre.<br data-start=\"4734\" data-end=\"4737\" \/>Il reste un immense myst\u00e8re.<\/p><p data-start=\"4769\" data-end=\"4926\">Comprendre l\u2019Univers, c\u2019est comprendre la r\u00e9alit\u00e9.<br data-start=\"4819\" data-end=\"4822\" \/>C\u2019est explorer l\u2019origine de tout.<br data-start=\"4855\" data-end=\"4858\" \/>C\u2019est repousser les limites du savoir.<br data-start=\"4896\" data-end=\"4899\" \/>C\u2019est un voyage sans fin.<\/p><p data-start=\"4928\" data-end=\"5062\">Ce site est d\u00e9di\u00e9 \u00e0 l\u2019Univers.<br data-start=\"4958\" data-end=\"4961\" \/>Il vous guide \u00e0 travers l\u2019infini.<br data-start=\"4994\" data-end=\"4997\" \/>Il explique les concepts cl\u00e9s.<br data-start=\"5027\" data-end=\"5030\" \/>Il rend la science accessible.<\/p><p data-start=\"5064\" data-end=\"5194\">L\u2019Univers est un livre ouvert.<br data-start=\"5094\" data-end=\"5097\" \/>Chaque \u00e9toile est une page.<br data-start=\"5124\" data-end=\"5127\" \/>Chaque galaxie est un chapitre.<br data-start=\"5158\" data-end=\"5161\" \/>\u00c0 nous de continuer la lecture.<\/p>\t\t\t\t\t\t\t\t<\/div>\n\t\t\t\t\t<\/div>\n\t\t\t\t<\/div>\n\t\t\t\t<\/div>\n\t\t","protected":false},"excerpt":{"rendered":"<p>L\u2019Univers : exploration de l\u2019infini L\u2019Univers est tout ce qui existe.Il englobe l\u2019espace, le temps, la mati\u00e8re et l\u2019\u00e9nergie.Il n\u2019a ni bord visible ni centre connu.Son immensit\u00e9 d\u00e9passe l\u2019imagination humaine. Depuis des mill\u00e9naires, l\u2019Univers fascine l\u2019humanit\u00e9.Les civilisations anciennes observaient le ciel.Elles cherchaient \u00e0 comprendre les mouvements des astres.Les \u00e9toiles guidaient les voyageurs et les r\u00eaves. [&hellip;]<\/p>\n","protected":false},"author":3,"featured_media":0,"parent":0,"menu_order":0,"comment_status":"closed","ping_status":"closed","template":"","meta":{"footnotes":""},"class_list":["post-1673","page","type-page","status-publish","hentry"],"yoast_head":"<!-- This site is optimized with the Yoast SEO plugin v26.2 - https:\/\/yoast.com\/wordpress\/plugins\/seo\/ -->\n<title>L&#039;univers - RJ Exp\u00e9rience<\/title>\n<meta name=\"robots\" content=\"index, follow, max-snippet:-1, max-image-preview:large, max-video-preview:-1\" \/>\n<link rel=\"canonical\" href=\"https:\/\/rj-experience.com\/index.php\/lunivers-2\/\" \/>\n<meta property=\"og:locale\" content=\"en_US\" \/>\n<meta property=\"og:type\" content=\"article\" \/>\n<meta property=\"og:title\" content=\"L&#039;univers - RJ Exp\u00e9rience\" \/>\n<meta property=\"og:description\" content=\"L\u2019Univers : exploration de l\u2019infini L\u2019Univers est tout ce qui existe.Il englobe l\u2019espace, le temps, la mati\u00e8re et l\u2019\u00e9nergie.Il n\u2019a ni bord visible ni centre connu.Son immensit\u00e9 d\u00e9passe l\u2019imagination humaine. Depuis des mill\u00e9naires, l\u2019Univers fascine l\u2019humanit\u00e9.Les civilisations anciennes observaient le ciel.Elles cherchaient \u00e0 comprendre les mouvements des astres.Les \u00e9toiles guidaient les voyageurs et les r\u00eaves. [&hellip;]\" \/>\n<meta property=\"og:url\" content=\"https:\/\/rj-experience.com\/index.php\/lunivers-2\/\" \/>\n<meta property=\"og:site_name\" content=\"RJ Exp\u00e9rience\" \/>\n<meta property=\"article:modified_time\" content=\"2026-02-02T18:09:12+00:00\" \/>\n<meta name=\"twitter:card\" content=\"summary_large_image\" \/>\n<meta name=\"twitter:label1\" content=\"Est. reading time\" \/>\n\t<meta name=\"twitter:data1\" content=\"3 minutes\" \/>\n<script type=\"application\/ld+json\" class=\"yoast-schema-graph\">{\"@context\":\"https:\/\/schema.org\",\"@graph\":[{\"@type\":\"WebPage\",\"@id\":\"https:\/\/rj-experience.com\/index.php\/lunivers-2\/\",\"url\":\"https:\/\/rj-experience.com\/index.php\/lunivers-2\/\",\"name\":\"L'univers - RJ Exp\u00e9rience\",\"isPartOf\":{\"@id\":\"https:\/\/rj-experience.com\/#website\"},\"datePublished\":\"2025-12-22T16:28:05+00:00\",\"dateModified\":\"2026-02-02T18:09:12+00:00\",\"breadcrumb\":{\"@id\":\"https:\/\/rj-experience.com\/index.php\/lunivers-2\/#breadcrumb\"},\"inLanguage\":\"en-US\",\"potentialAction\":[{\"@type\":\"ReadAction\",\"target\":[\"https:\/\/rj-experience.com\/index.php\/lunivers-2\/\"]}]},{\"@type\":\"BreadcrumbList\",\"@id\":\"https:\/\/rj-experience.com\/index.php\/lunivers-2\/#breadcrumb\",\"itemListElement\":[{\"@type\":\"ListItem\",\"position\":1,\"name\":\"Home\",\"item\":\"https:\/\/rj-experience.com\/\"},{\"@type\":\"ListItem\",\"position\":2,\"name\":\"L&#8217;univers\"}]},{\"@type\":\"WebSite\",\"@id\":\"https:\/\/rj-experience.com\/#website\",\"url\":\"https:\/\/rj-experience.com\/\",\"name\":\"RJ Exp\u00e9rience\",\"description\":\"\",\"publisher\":{\"@id\":\"https:\/\/rj-experience.com\/#organization\"},\"potentialAction\":[{\"@type\":\"SearchAction\",\"target\":{\"@type\":\"EntryPoint\",\"urlTemplate\":\"https:\/\/rj-experience.com\/?s={search_term_string}\"},\"query-input\":{\"@type\":\"PropertyValueSpecification\",\"valueRequired\":true,\"valueName\":\"search_term_string\"}}],\"inLanguage\":\"en-US\"},{\"@type\":\"Organization\",\"@id\":\"https:\/\/rj-experience.com\/#organization\",\"name\":\"RJ Exp\u00e9rience\",\"url\":\"https:\/\/rj-experience.com\/\",\"logo\":{\"@type\":\"ImageObject\",\"inLanguage\":\"en-US\",\"@id\":\"https:\/\/rj-experience.com\/#\/schema\/logo\/image\/\",\"url\":\"https:\/\/rj-experience.com\/wp-content\/uploads\/2025\/10\/cropped-ChatGPT-Image-28-oct.-2025-18_28_26.png\",\"contentUrl\":\"https:\/\/rj-experience.com\/wp-content\/uploads\/2025\/10\/cropped-ChatGPT-Image-28-oct.-2025-18_28_26.png\",\"width\":512,\"height\":512,\"caption\":\"RJ Exp\u00e9rience\"},\"image\":{\"@id\":\"https:\/\/rj-experience.com\/#\/schema\/logo\/image\/\"}}]}<\/script>\n<!-- \/ Yoast SEO plugin. -->","yoast_head_json":{"title":"L'univers - RJ Exp\u00e9rience","robots":{"index":"index","follow":"follow","max-snippet":"max-snippet:-1","max-image-preview":"max-image-preview:large","max-video-preview":"max-video-preview:-1"},"canonical":"https:\/\/rj-experience.com\/index.php\/lunivers-2\/","og_locale":"en_US","og_type":"article","og_title":"L'univers - RJ Exp\u00e9rience","og_description":"L\u2019Univers : exploration de l\u2019infini L\u2019Univers est tout ce qui existe.Il englobe l\u2019espace, le temps, la mati\u00e8re et l\u2019\u00e9nergie.Il n\u2019a ni bord visible ni centre connu.Son immensit\u00e9 d\u00e9passe l\u2019imagination humaine. Depuis des mill\u00e9naires, l\u2019Univers fascine l\u2019humanit\u00e9.Les civilisations anciennes observaient le ciel.Elles cherchaient \u00e0 comprendre les mouvements des astres.Les \u00e9toiles guidaient les voyageurs et les r\u00eaves. [&hellip;]","og_url":"https:\/\/rj-experience.com\/index.php\/lunivers-2\/","og_site_name":"RJ Exp\u00e9rience","article_modified_time":"2026-02-02T18:09:12+00:00","twitter_card":"summary_large_image","twitter_misc":{"Est. reading time":"3 minutes"},"schema":{"@context":"https:\/\/schema.org","@graph":[{"@type":"WebPage","@id":"https:\/\/rj-experience.com\/index.php\/lunivers-2\/","url":"https:\/\/rj-experience.com\/index.php\/lunivers-2\/","name":"L'univers - RJ Exp\u00e9rience","isPartOf":{"@id":"https:\/\/rj-experience.com\/#website"},"datePublished":"2025-12-22T16:28:05+00:00","dateModified":"2026-02-02T18:09:12+00:00","breadcrumb":{"@id":"https:\/\/rj-experience.com\/index.php\/lunivers-2\/#breadcrumb"},"inLanguage":"en-US","potentialAction":[{"@type":"ReadAction","target":["https:\/\/rj-experience.com\/index.php\/lunivers-2\/"]}]},{"@type":"BreadcrumbList","@id":"https:\/\/rj-experience.com\/index.php\/lunivers-2\/#breadcrumb","itemListElement":[{"@type":"ListItem","position":1,"name":"Home","item":"https:\/\/rj-experience.com\/"},{"@type":"ListItem","position":2,"name":"L&#8217;univers"}]},{"@type":"WebSite","@id":"https:\/\/rj-experience.com\/#website","url":"https:\/\/rj-experience.com\/","name":"RJ Exp\u00e9rience","description":"","publisher":{"@id":"https:\/\/rj-experience.com\/#organization"},"potentialAction":[{"@type":"SearchAction","target":{"@type":"EntryPoint","urlTemplate":"https:\/\/rj-experience.com\/?s={search_term_string}"},"query-input":{"@type":"PropertyValueSpecification","valueRequired":true,"valueName":"search_term_string"}}],"inLanguage":"en-US"},{"@type":"Organization","@id":"https:\/\/rj-experience.com\/#organization","name":"RJ Exp\u00e9rience","url":"https:\/\/rj-experience.com\/","logo":{"@type":"ImageObject","inLanguage":"en-US","@id":"https:\/\/rj-experience.com\/#\/schema\/logo\/image\/","url":"https:\/\/rj-experience.com\/wp-content\/uploads\/2025\/10\/cropped-ChatGPT-Image-28-oct.-2025-18_28_26.png","contentUrl":"https:\/\/rj-experience.com\/wp-content\/uploads\/2025\/10\/cropped-ChatGPT-Image-28-oct.-2025-18_28_26.png","width":512,"height":512,"caption":"RJ Exp\u00e9rience"},"image":{"@id":"https:\/\/rj-experience.com\/#\/schema\/logo\/image\/"}}]}},"_links":{"self":[{"href":"https:\/\/rj-experience.com\/index.php\/wp-json\/wp\/v2\/pages\/1673","targetHints":{"allow":["GET"]}}],"collection":[{"href":"https:\/\/rj-experience.com\/index.php\/wp-json\/wp\/v2\/pages"}],"about":[{"href":"https:\/\/rj-experience.com\/index.php\/wp-json\/wp\/v2\/types\/page"}],"author":[{"embeddable":true,"href":"https:\/\/rj-experience.com\/index.php\/wp-json\/wp\/v2\/users\/3"}],"replies":[{"embeddable":true,"href":"https:\/\/rj-experience.com\/index.php\/wp-json\/wp\/v2\/comments?post=1673"}],"version-history":[{"count":6,"href":"https:\/\/rj-experience.com\/index.php\/wp-json\/wp\/v2\/pages\/1673\/revisions"}],"predecessor-version":[{"id":2037,"href":"https:\/\/rj-experience.com\/index.php\/wp-json\/wp\/v2\/pages\/1673\/revisions\/2037"}],"wp:attachment":[{"href":"https:\/\/rj-experience.com\/index.php\/wp-json\/wp\/v2\/media?parent=1673"}],"curies":[{"name":"wp","href":"https:\/\/api.w.org\/{rel}","templated":true}]}}