{"id":1540,"date":"2025-11-15T13:52:11","date_gmt":"2025-11-15T13:52:11","guid":{"rendered":"https:\/\/rj-experience.com\/?page_id=1540"},"modified":"2025-11-16T11:14:26","modified_gmt":"2025-11-16T11:14:26","slug":"fiche-dexercice","status":"publish","type":"page","link":"https:\/\/rj-experience.com\/index.php\/fiche-dexercice\/","title":{"rendered":"Fiche D&#8217;exercice"},"content":{"rendered":"\t\t<div data-elementor-type=\"wp-page\" data-elementor-id=\"1540\" class=\"elementor elementor-1540\">\n\t\t\t\t<div class=\"elementor-element elementor-element-ee58a4e e-flex e-con-boxed e-con e-parent\" data-id=\"ee58a4e\" data-element_type=\"container\">\n\t\t\t\t\t<div class=\"e-con-inner\">\n\t\t\t\t<div class=\"elementor-element elementor-element-c564ce3 e-n-tabs-mobile elementor-widget elementor-widget-n-tabs\" data-id=\"c564ce3\" data-element_type=\"widget\" data-settings=\"{&quot;horizontal_scroll&quot;:&quot;disable&quot;}\" data-widget_type=\"nested-tabs.default\">\n\t\t\t\t\t\t\t<div class=\"e-n-tabs\" data-widget-number=\"206982371\" aria-label=\"Tabs. Open items with Enter or Space, close with Escape and navigate using the Arrow keys.\">\n\t\t\t<div class=\"e-n-tabs-heading\" role=\"tablist\">\n\t\t\t\t\t<button id=\"e-n-tab-title-2069823711\" class=\"e-n-tab-title\" aria-selected=\"true\" data-tab-index=\"1\" role=\"tab\" tabindex=\"0\" aria-controls=\"e-n-tab-content-2069823711\" style=\"--n-tabs-title-order: 1;\">\n\t\t\t\t\t\t<span class=\"e-n-tab-title-text\">\n\t\t\t\tTab #1\t\t\t<\/span>\n\t\t<\/button>\n\t\t\t\t<button id=\"e-n-tab-title-2069823712\" class=\"e-n-tab-title\" aria-selected=\"false\" data-tab-index=\"2\" role=\"tab\" tabindex=\"-1\" aria-controls=\"e-n-tab-content-2069823712\" style=\"--n-tabs-title-order: 2;\">\n\t\t\t\t\t\t<span class=\"e-n-tab-title-text\">\n\t\t\t\tTab #2\t\t\t<\/span>\n\t\t<\/button>\n\t\t\t\t<button id=\"e-n-tab-title-2069823713\" class=\"e-n-tab-title\" aria-selected=\"false\" data-tab-index=\"3\" role=\"tab\" tabindex=\"-1\" aria-controls=\"e-n-tab-content-2069823713\" style=\"--n-tabs-title-order: 3;\">\n\t\t\t\t\t\t<span class=\"e-n-tab-title-text\">\n\t\t\t\tTab #3\t\t\t<\/span>\n\t\t<\/button>\n\t\t\t\t<button id=\"e-n-tab-title-2069823714\" class=\"e-n-tab-title\" aria-selected=\"false\" data-tab-index=\"4\" role=\"tab\" tabindex=\"-1\" aria-controls=\"e-n-tab-content-2069823714\" style=\"--n-tabs-title-order: 4;\">\n\t\t\t\t\t\t<span class=\"e-n-tab-title-text\">\n\t\t\t\tTab #4\t\t\t<\/span>\n\t\t<\/button>\n\t\t\t\t<button id=\"e-n-tab-title-2069823715\" class=\"e-n-tab-title\" aria-selected=\"false\" data-tab-index=\"5\" role=\"tab\" tabindex=\"-1\" aria-controls=\"e-n-tab-content-2069823715\" style=\"--n-tabs-title-order: 5;\">\n\t\t\t\t\t\t<span class=\"e-n-tab-title-text\">\n\t\t\t\tTab #5\t\t\t<\/span>\n\t\t<\/button>\n\t\t\t\t<button id=\"e-n-tab-title-2069823716\" class=\"e-n-tab-title\" aria-selected=\"false\" data-tab-index=\"6\" role=\"tab\" tabindex=\"-1\" aria-controls=\"e-n-tab-content-2069823716\" style=\"--n-tabs-title-order: 6;\">\n\t\t\t\t\t\t<span class=\"e-n-tab-title-text\">\n\t\t\t\tTab #6\t\t\t<\/span>\n\t\t<\/button>\n\t\t\t\t\t<\/div>\n\t\t\t<div class=\"e-n-tabs-content\">\n\t\t\t\t<div id=\"e-n-tab-content-2069823711\" role=\"tabpanel\" aria-labelledby=\"e-n-tab-title-2069823711\" data-tab-index=\"1\" style=\"--n-tabs-title-order: 1;\" class=\"e-active elementor-element elementor-element-616b769 e-con-full e-flex e-con e-child\" data-id=\"616b769\" data-element_type=\"container\">\n\t\t<div class=\"elementor-element elementor-element-275eae9 e-con-full e-flex e-con e-child\" data-id=\"275eae9\" data-element_type=\"container\">\n\t\t\t\t<div class=\"elementor-element elementor-element-bba205c elementor-widget elementor-widget-heading\" data-id=\"bba205c\" data-element_type=\"widget\" data-widget_type=\"heading.default\">\n\t\t\t\t\t<h1 class=\"elementor-heading-title elementor-size-default\">Fiche d'exercice 1\u00e9re ann\u00e9e primaire<\/h1>\t\t\t\t<\/div>\n\t\t\t\t<\/div>\n\t\t<div class=\"elementor-element elementor-element-01f32e3 e-con-full e-flex e-con e-child\" data-id=\"01f32e3\" data-element_type=\"container\">\n\t\t\t\t<div class=\"elementor-element elementor-element-cc3268d elementor-widget elementor-widget-image\" data-id=\"cc3268d\" data-element_type=\"widget\" data-widget_type=\"image.default\">\n\t\t\t\t\t\t\t\t\t\t\t\t\t\t\t<img fetchpriority=\"high\" decoding=\"async\" width=\"512\" height=\"768\" src=\"https:\/\/rj-experience.com\/wp-content\/uploads\/2025\/11\/57df0768-5a15-4f0b-994f-b1787d845aff-1-1.png\" class=\"attachment-large size-large wp-image-1598\" alt=\"\" srcset=\"https:\/\/rj-experience.com\/wp-content\/uploads\/2025\/11\/57df0768-5a15-4f0b-994f-b1787d845aff-1-1.png 512w, https:\/\/rj-experience.com\/wp-content\/uploads\/2025\/11\/57df0768-5a15-4f0b-994f-b1787d845aff-1-1-200x300.png 200w\" sizes=\"(max-width: 512px) 100vw, 512px\" \/>\t\t\t\t\t\t\t\t\t\t\t\t\t\t\t<\/div>\n\t\t\t\t<\/div>\n\t\t\t\t<\/div>\n\t\t<div id=\"e-n-tab-content-2069823712\" role=\"tabpanel\" aria-labelledby=\"e-n-tab-title-2069823712\" data-tab-index=\"2\" style=\"--n-tabs-title-order: 2;\" class=\" elementor-element elementor-element-e2863e8 e-con-full e-flex e-con e-child\" data-id=\"e2863e8\" data-element_type=\"container\">\n\t\t\t\t<\/div>\n\t\t<div id=\"e-n-tab-content-2069823713\" role=\"tabpanel\" aria-labelledby=\"e-n-tab-title-2069823713\" data-tab-index=\"3\" style=\"--n-tabs-title-order: 3;\" class=\" elementor-element elementor-element-99d9e63 e-con-full e-flex e-con e-child\" data-id=\"99d9e63\" data-element_type=\"container\">\n\t\t\t\t<\/div>\n\t\t<div id=\"e-n-tab-content-2069823714\" role=\"tabpanel\" aria-labelledby=\"e-n-tab-title-2069823714\" data-tab-index=\"4\" style=\"--n-tabs-title-order: 4;\" class=\" elementor-element elementor-element-7368e7f e-flex e-con-boxed e-con e-child\" data-id=\"7368e7f\" data-element_type=\"container\">\n\t\t\t\t\t<div class=\"e-con-inner\">\n\t\t\t\t\t<\/div>\n\t\t\t\t<\/div>\n\t\t<div id=\"e-n-tab-content-2069823715\" role=\"tabpanel\" aria-labelledby=\"e-n-tab-title-2069823715\" data-tab-index=\"5\" style=\"--n-tabs-title-order: 5;\" class=\" elementor-element elementor-element-7b955ac e-flex e-con-boxed e-con e-child\" data-id=\"7b955ac\" data-element_type=\"container\">\n\t\t\t\t\t<div class=\"e-con-inner\">\n\t\t\t\t\t<\/div>\n\t\t\t\t<\/div>\n\t\t<div id=\"e-n-tab-content-2069823716\" role=\"tabpanel\" aria-labelledby=\"e-n-tab-title-2069823716\" data-tab-index=\"6\" style=\"--n-tabs-title-order: 6;\" class=\" elementor-element elementor-element-8be623f e-flex e-con-boxed e-con e-child\" data-id=\"8be623f\" data-element_type=\"container\">\n\t\t\t\t\t<div class=\"e-con-inner\">\n\t\t\t\t\t<\/div>\n\t\t\t\t<\/div>\n\t\t\t\t\t<\/div>\n\t\t<\/div>\n\t\t\t\t\t\t<\/div>\n\t\t\t\t\t<\/div>\n\t\t\t\t<\/div>\n\t\t\t\t<\/div>\n\t\t","protected":false},"excerpt":{"rendered":"<p>Tab #1 Tab #2 Tab #3 Tab #4 Tab #5 Tab #6 Fiche d&#8217;exercice 1\u00e9re ann\u00e9e primaire Fiche d&#8217;exercice 1\u00e9re ann\u00e9e primaire<\/p>\n","protected":false},"author":1,"featured_media":0,"parent":0,"menu_order":0,"comment_status":"closed","ping_status":"closed","template":"","meta":{"footnotes":""},"class_list":["post-1540","page","type-page","status-publish","hentry"],"yoast_head":"<!-- This site is optimized with the Yoast SEO plugin v26.2 - https:\/\/yoast.com\/wordpress\/plugins\/seo\/ -->\n<title>Fiche D&#039;exercice - RJ Exp\u00e9rience<\/title>\n<meta name=\"robots\" content=\"index, follow, max-snippet:-1, max-image-preview:large, max-video-preview:-1\" \/>\n<link rel=\"canonical\" href=\"https:\/\/rj-experience.com\/index.php\/fiche-dexercice\/\" \/>\n<meta property=\"og:locale\" content=\"en_US\" \/>\n<meta property=\"og:type\" content=\"article\" \/>\n<meta property=\"og:title\" content=\"Fiche D&#039;exercice - RJ Exp\u00e9rience\" \/>\n<meta property=\"og:description\" content=\"Tab #1 Tab #2 Tab #3 Tab #4 Tab #5 Tab #6 Fiche d&#8217;exercice 1\u00e9re ann\u00e9e primaire Fiche d&#8217;exercice 1\u00e9re ann\u00e9e primaire\" \/>\n<meta property=\"og:url\" content=\"https:\/\/rj-experience.com\/index.php\/fiche-dexercice\/\" \/>\n<meta property=\"og:site_name\" content=\"RJ Exp\u00e9rience\" \/>\n<meta property=\"article:modified_time\" content=\"2025-11-16T11:14:26+00:00\" \/>\n<meta property=\"og:image\" content=\"https:\/\/rj-experience.com\/wp-content\/uploads\/2025\/11\/57df0768-5a15-4f0b-994f-b1787d845aff-1-1.png\" \/>\n\t<meta property=\"og:image:width\" content=\"512\" \/>\n\t<meta property=\"og:image:height\" content=\"768\" \/>\n\t<meta property=\"og:image:type\" content=\"image\/png\" \/>\n<meta name=\"twitter:card\" content=\"summary_large_image\" \/>\n<meta name=\"twitter:label1\" content=\"Est. reading time\" \/>\n\t<meta name=\"twitter:data1\" content=\"1 minute\" \/>\n<script type=\"application\/ld+json\" class=\"yoast-schema-graph\">{\"@context\":\"https:\/\/schema.org\",\"@graph\":[{\"@type\":\"WebPage\",\"@id\":\"https:\/\/rj-experience.com\/index.php\/fiche-dexercice\/\",\"url\":\"https:\/\/rj-experience.com\/index.php\/fiche-dexercice\/\",\"name\":\"Fiche D'exercice - RJ Exp\u00e9rience\",\"isPartOf\":{\"@id\":\"https:\/\/rj-experience.com\/#website\"},\"primaryImageOfPage\":{\"@id\":\"https:\/\/rj-experience.com\/index.php\/fiche-dexercice\/#primaryimage\"},\"image\":{\"@id\":\"https:\/\/rj-experience.com\/index.php\/fiche-dexercice\/#primaryimage\"},\"thumbnailUrl\":\"https:\/\/rj-experience.com\/wp-content\/uploads\/2025\/11\/57df0768-5a15-4f0b-994f-b1787d845aff-1-1.png\",\"datePublished\":\"2025-11-15T13:52:11+00:00\",\"dateModified\":\"2025-11-16T11:14:26+00:00\",\"breadcrumb\":{\"@id\":\"https:\/\/rj-experience.com\/index.php\/fiche-dexercice\/#breadcrumb\"},\"inLanguage\":\"en-US\",\"potentialAction\":[{\"@type\":\"ReadAction\",\"target\":[\"https:\/\/rj-experience.com\/index.php\/fiche-dexercice\/\"]}]},{\"@type\":\"ImageObject\",\"inLanguage\":\"en-US\",\"@id\":\"https:\/\/rj-experience.com\/index.php\/fiche-dexercice\/#primaryimage\",\"url\":\"https:\/\/rj-experience.com\/wp-content\/uploads\/2025\/11\/57df0768-5a15-4f0b-994f-b1787d845aff-1-1.png\",\"contentUrl\":\"https:\/\/rj-experience.com\/wp-content\/uploads\/2025\/11\/57df0768-5a15-4f0b-994f-b1787d845aff-1-1.png\",\"width\":512,\"height\":768},{\"@type\":\"BreadcrumbList\",\"@id\":\"https:\/\/rj-experience.com\/index.php\/fiche-dexercice\/#breadcrumb\",\"itemListElement\":[{\"@type\":\"ListItem\",\"position\":1,\"name\":\"Home\",\"item\":\"https:\/\/rj-experience.com\/\"},{\"@type\":\"ListItem\",\"position\":2,\"name\":\"Fiche D&#8217;exercice\"}]},{\"@type\":\"WebSite\",\"@id\":\"https:\/\/rj-experience.com\/#website\",\"url\":\"https:\/\/rj-experience.com\/\",\"name\":\"RJ Exp\u00e9rience\",\"description\":\"\",\"publisher\":{\"@id\":\"https:\/\/rj-experience.com\/#organization\"},\"potentialAction\":[{\"@type\":\"SearchAction\",\"target\":{\"@type\":\"EntryPoint\",\"urlTemplate\":\"https:\/\/rj-experience.com\/?s={search_term_string}\"},\"query-input\":{\"@type\":\"PropertyValueSpecification\",\"valueRequired\":true,\"valueName\":\"search_term_string\"}}],\"inLanguage\":\"en-US\"},{\"@type\":\"Organization\",\"@id\":\"https:\/\/rj-experience.com\/#organization\",\"name\":\"RJ Exp\u00e9rience\",\"url\":\"https:\/\/rj-experience.com\/\",\"logo\":{\"@type\":\"ImageObject\",\"inLanguage\":\"en-US\",\"@id\":\"https:\/\/rj-experience.com\/#\/schema\/logo\/image\/\",\"url\":\"https:\/\/rj-experience.com\/wp-content\/uploads\/2025\/10\/cropped-ChatGPT-Image-28-oct.-2025-18_28_26.png\",\"contentUrl\":\"https:\/\/rj-experience.com\/wp-content\/uploads\/2025\/10\/cropped-ChatGPT-Image-28-oct.-2025-18_28_26.png\",\"width\":512,\"height\":512,\"caption\":\"RJ Exp\u00e9rience\"},\"image\":{\"@id\":\"https:\/\/rj-experience.com\/#\/schema\/logo\/image\/\"}}]}<\/script>\n<!-- \/ Yoast SEO plugin. -->","yoast_head_json":{"title":"Fiche D'exercice - RJ Exp\u00e9rience","robots":{"index":"index","follow":"follow","max-snippet":"max-snippet:-1","max-image-preview":"max-image-preview:large","max-video-preview":"max-video-preview:-1"},"canonical":"https:\/\/rj-experience.com\/index.php\/fiche-dexercice\/","og_locale":"en_US","og_type":"article","og_title":"Fiche D'exercice - RJ Exp\u00e9rience","og_description":"Tab #1 Tab #2 Tab #3 Tab #4 Tab #5 Tab #6 Fiche d&#8217;exercice 1\u00e9re ann\u00e9e primaire Fiche d&#8217;exercice 1\u00e9re ann\u00e9e primaire","og_url":"https:\/\/rj-experience.com\/index.php\/fiche-dexercice\/","og_site_name":"RJ Exp\u00e9rience","article_modified_time":"2025-11-16T11:14:26+00:00","og_image":[{"width":512,"height":768,"url":"https:\/\/rj-experience.com\/wp-content\/uploads\/2025\/11\/57df0768-5a15-4f0b-994f-b1787d845aff-1-1.png","type":"image\/png"}],"twitter_card":"summary_large_image","twitter_misc":{"Est. reading time":"1 minute"},"schema":{"@context":"https:\/\/schema.org","@graph":[{"@type":"WebPage","@id":"https:\/\/rj-experience.com\/index.php\/fiche-dexercice\/","url":"https:\/\/rj-experience.com\/index.php\/fiche-dexercice\/","name":"Fiche D'exercice - RJ Exp\u00e9rience","isPartOf":{"@id":"https:\/\/rj-experience.com\/#website"},"primaryImageOfPage":{"@id":"https:\/\/rj-experience.com\/index.php\/fiche-dexercice\/#primaryimage"},"image":{"@id":"https:\/\/rj-experience.com\/index.php\/fiche-dexercice\/#primaryimage"},"thumbnailUrl":"https:\/\/rj-experience.com\/wp-content\/uploads\/2025\/11\/57df0768-5a15-4f0b-994f-b1787d845aff-1-1.png","datePublished":"2025-11-15T13:52:11+00:00","dateModified":"2025-11-16T11:14:26+00:00","breadcrumb":{"@id":"https:\/\/rj-experience.com\/index.php\/fiche-dexercice\/#breadcrumb"},"inLanguage":"en-US","potentialAction":[{"@type":"ReadAction","target":["https:\/\/rj-experience.com\/index.php\/fiche-dexercice\/"]}]},{"@type":"ImageObject","inLanguage":"en-US","@id":"https:\/\/rj-experience.com\/index.php\/fiche-dexercice\/#primaryimage","url":"https:\/\/rj-experience.com\/wp-content\/uploads\/2025\/11\/57df0768-5a15-4f0b-994f-b1787d845aff-1-1.png","contentUrl":"https:\/\/rj-experience.com\/wp-content\/uploads\/2025\/11\/57df0768-5a15-4f0b-994f-b1787d845aff-1-1.png","width":512,"height":768},{"@type":"BreadcrumbList","@id":"https:\/\/rj-experience.com\/index.php\/fiche-dexercice\/#breadcrumb","itemListElement":[{"@type":"ListItem","position":1,"name":"Home","item":"https:\/\/rj-experience.com\/"},{"@type":"ListItem","position":2,"name":"Fiche D&#8217;exercice"}]},{"@type":"WebSite","@id":"https:\/\/rj-experience.com\/#website","url":"https:\/\/rj-experience.com\/","name":"RJ Exp\u00e9rience","description":"","publisher":{"@id":"https:\/\/rj-experience.com\/#organization"},"potentialAction":[{"@type":"SearchAction","target":{"@type":"EntryPoint","urlTemplate":"https:\/\/rj-experience.com\/?s={search_term_string}"},"query-input":{"@type":"PropertyValueSpecification","valueRequired":true,"valueName":"search_term_string"}}],"inLanguage":"en-US"},{"@type":"Organization","@id":"https:\/\/rj-experience.com\/#organization","name":"RJ Exp\u00e9rience","url":"https:\/\/rj-experience.com\/","logo":{"@type":"ImageObject","inLanguage":"en-US","@id":"https:\/\/rj-experience.com\/#\/schema\/logo\/image\/","url":"https:\/\/rj-experience.com\/wp-content\/uploads\/2025\/10\/cropped-ChatGPT-Image-28-oct.-2025-18_28_26.png","contentUrl":"https:\/\/rj-experience.com\/wp-content\/uploads\/2025\/10\/cropped-ChatGPT-Image-28-oct.-2025-18_28_26.png","width":512,"height":512,"caption":"RJ Exp\u00e9rience"},"image":{"@id":"https:\/\/rj-experience.com\/#\/schema\/logo\/image\/"}}]}},"_links":{"self":[{"href":"https:\/\/rj-experience.com\/index.php\/wp-json\/wp\/v2\/pages\/1540","targetHints":{"allow":["GET"]}}],"collection":[{"href":"https:\/\/rj-experience.com\/index.php\/wp-json\/wp\/v2\/pages"}],"about":[{"href":"https:\/\/rj-experience.com\/index.php\/wp-json\/wp\/v2\/types\/page"}],"author":[{"embeddable":true,"href":"https:\/\/rj-experience.com\/index.php\/wp-json\/wp\/v2\/users\/1"}],"replies":[{"embeddable":true,"href":"https:\/\/rj-experience.com\/index.php\/wp-json\/wp\/v2\/comments?post=1540"}],"version-history":[{"count":7,"href":"https:\/\/rj-experience.com\/index.php\/wp-json\/wp\/v2\/pages\/1540\/revisions"}],"predecessor-version":[{"id":1604,"href":"https:\/\/rj-experience.com\/index.php\/wp-json\/wp\/v2\/pages\/1540\/revisions\/1604"}],"wp:attachment":[{"href":"https:\/\/rj-experience.com\/index.php\/wp-json\/wp\/v2\/media?parent=1540"}],"curies":[{"name":"wp","href":"https:\/\/api.w.org\/{rel}","templated":true}]}}