{"id":1535,"date":"2025-11-15T13:49:42","date_gmt":"2025-11-15T13:49:42","guid":{"rendered":"https:\/\/rj-experience.com\/?page_id=1535"},"modified":"2025-11-16T10:32:35","modified_gmt":"2025-11-16T10:32:35","slug":"levolution-des-mathematiques","status":"publish","type":"page","link":"https:\/\/rj-experience.com\/index.php\/levolution-des-mathematiques\/","title":{"rendered":"L&#8217;\u00e9volution des math\u00e9matiques"},"content":{"rendered":"\t\t<div data-elementor-type=\"wp-page\" data-elementor-id=\"1535\" class=\"elementor elementor-1535\">\n\t\t\t\t<div class=\"elementor-element elementor-element-a6891ed e-flex e-con-boxed e-con e-parent\" data-id=\"a6891ed\" data-element_type=\"container\">\n\t\t\t\t\t<div class=\"e-con-inner\">\n\t\t\t\t<div class=\"elementor-element elementor-element-9b277e6 elementor-widget elementor-widget-text-editor\" data-id=\"9b277e6\" data-element_type=\"widget\" data-widget_type=\"text-editor.default\">\n\t\t\t\t\t\t\t\t\t<h1 data-start=\"177\" data-end=\"250\">\u2b50 <strong data-start=\"181\" data-end=\"250\">L\u2019\u00c9volution des Math\u00e9matiques : Une Histoire Qui Fa\u00e7onne le Monde<\/strong><\/h1><p data-start=\"252\" data-end=\"568\">Les math\u00e9matiques ne sont pas seulement une mati\u00e8re scolaire : elles repr\u00e9sentent un langage universel qui traverse les civilisations, les sciences, les technologies et m\u00eame la vie quotidienne. Leur \u00e9volution s\u2019\u00e9tend sur plusieurs mill\u00e9naires et refl\u00e8te l\u2019ing\u00e9niosit\u00e9 humaine dans sa qu\u00eate de compr\u00e9hension du monde.<\/p><h2 data-start=\"570\" data-end=\"640\"><strong data-start=\"573\" data-end=\"640\">I. Les Origines : Quand tout commence avec le besoin de compter<\/strong><\/h2><p data-start=\"642\" data-end=\"854\">Bien avant l\u2019\u00e9criture, l\u2019\u00eatre humain \u00e9prouve la n\u00e9cessit\u00e9 de compter : le b\u00e9tail, les r\u00e9coltes, les distances.<br data-start=\"752\" data-end=\"755\" \/>Les premi\u00e8res traces math\u00e9matiques remontent \u00e0 plus de <strong data-start=\"810\" data-end=\"824\">20 000 ans<\/strong>, avec des b\u00e2tons de comptage.<\/p><h3 data-start=\"856\" data-end=\"891\"><strong data-start=\"860\" data-end=\"891\">1. L\u2019h\u00e9ritage des \u00c9gyptiens<\/strong><\/h3><p data-start=\"892\" data-end=\"981\">En \u00c9gypte, les math\u00e9matiques servent \u00e0 g\u00e9rer les terres et \u00e0 construire les monuments :<\/p><ul data-start=\"982\" data-end=\"1150\"><li data-start=\"982\" data-end=\"1028\"><p data-start=\"984\" data-end=\"1028\">Calcul des surfaces apr\u00e8s les crues du Nil<\/p><\/li><li data-start=\"1029\" data-end=\"1090\"><p data-start=\"1031\" data-end=\"1090\">Techniques de mesure utilis\u00e9es pour \u00e9difier les pyramides<\/p><\/li><li data-start=\"1091\" data-end=\"1150\"><p data-start=\"1093\" data-end=\"1150\">D\u00e9veloppement d\u2019une arithm\u00e9tique fond\u00e9e sur les fractions<\/p><\/li><\/ul><h3 data-start=\"1152\" data-end=\"1201\"><strong data-start=\"1156\" data-end=\"1201\">2. Les Babyloniens et leur syst\u00e8me avanc\u00e9<\/strong><\/h3><p data-start=\"1202\" data-end=\"1249\">En M\u00e9sopotamie, les Babyloniens d\u00e9veloppent :<\/p><ul data-start=\"1250\" data-end=\"1380\"><li data-start=\"1250\" data-end=\"1289\"><p data-start=\"1252\" data-end=\"1289\">Un syst\u00e8me de num\u00e9ration en base 60<\/p><\/li><li data-start=\"1290\" data-end=\"1331\"><p data-start=\"1292\" data-end=\"1331\">Des calculs astronomiques tr\u00e8s pr\u00e9cis<\/p><\/li><li data-start=\"1332\" data-end=\"1380\"><p data-start=\"1334\" data-end=\"1380\">Des tablettes contenant probl\u00e8mes et \u00e9quations<\/p><\/li><\/ul><p data-start=\"1382\" data-end=\"1461\">Ces premi\u00e8res civilisations posent les fondations du raisonnement math\u00e9matique.<\/p><hr data-start=\"1463\" data-end=\"1466\" \/><h2 data-start=\"1468\" data-end=\"1535\"><strong data-start=\"1471\" data-end=\"1535\">II. La Gr\u00e8ce Antique : Le berceau des math\u00e9matiques modernes<\/strong><\/h2><p data-start=\"1537\" data-end=\"1635\">Avec les Grecs, les math\u00e9matiques deviennent une science logique bas\u00e9e sur des <strong data-start=\"1616\" data-end=\"1634\">d\u00e9monstrations<\/strong>.<\/p><h3 data-start=\"1637\" data-end=\"1663\"><strong data-start=\"1641\" data-end=\"1663\">1. Les grands noms<\/strong><\/h3><ul data-start=\"1664\" data-end=\"1864\"><li data-start=\"1664\" data-end=\"1729\"><p data-start=\"1666\" data-end=\"1729\"><strong data-start=\"1666\" data-end=\"1676\">Thal\u00e8s<\/strong> et <strong data-start=\"1680\" data-end=\"1693\">Pythagore<\/strong> : premiers th\u00e9or\u00e8mes fondamentaux<\/p><\/li><li data-start=\"1730\" data-end=\"1806\"><p data-start=\"1732\" data-end=\"1806\"><strong data-start=\"1732\" data-end=\"1743\">Euclide<\/strong> : auteur des <em data-start=\"1757\" data-end=\"1767\">\u00c9l\u00e9ments<\/em>, r\u00e9f\u00e9rence pendant plus de 2 000 ans<\/p><\/li><li data-start=\"1807\" data-end=\"1864\"><p data-start=\"1809\" data-end=\"1864\"><strong data-start=\"1809\" data-end=\"1822\">Archim\u00e8de<\/strong> : g\u00e9nie de la g\u00e9om\u00e9trie et de la physique<\/p><\/li><\/ul><h3 data-start=\"1866\" data-end=\"1907\"><strong data-start=\"1870\" data-end=\"1907\">2. Une nouvelle mani\u00e8re de penser<\/strong><\/h3><p data-start=\"1908\" data-end=\"2084\">Les Grecs ne se contentent plus de calculer ; ils cherchent \u00e0 <strong data-start=\"1970\" data-end=\"1981\">prouver<\/strong>.<br data-start=\"1982\" data-end=\"1985\" \/>Ils cr\u00e9ent ainsi des r\u00e8gles, des d\u00e9finitions et des axiomes qui organisent la science math\u00e9matique.<\/p><hr data-start=\"2086\" data-end=\"2089\" \/><h2 data-start=\"2091\" data-end=\"2160\"><strong data-start=\"2094\" data-end=\"2160\">III. Le monde arabe : un \u00e2ge d\u2019or et un pont entre les savoirs<\/strong><\/h2><p data-start=\"2162\" data-end=\"2241\">Du VIII\u1d49 au XV\u1d49 si\u00e8cle, le monde arabe devient le centre mondial de la science.<\/p><h3 data-start=\"2243\" data-end=\"2287\"><strong data-start=\"2247\" data-end=\"2287\">1. Traduction et expansion du savoir<\/strong><\/h3><p data-start=\"2288\" data-end=\"2401\">Les savants arabes pr\u00e9servent et traduisent les \u0153uvres grecques, perses et indiennes, emp\u00eachant leur disparition.<\/p><h3 data-start=\"2403\" data-end=\"2439\"><strong data-start=\"2407\" data-end=\"2439\">2. Les grandes contributions<\/strong><\/h3><ul data-start=\"2440\" data-end=\"2697\"><li data-start=\"2440\" data-end=\"2494\"><p data-start=\"2442\" data-end=\"2494\"><strong data-start=\"2442\" data-end=\"2458\">Al-Khwarizmi<\/strong> invente l\u2019<strong data-start=\"2469\" data-end=\"2480\">alg\u00e8bre<\/strong> (<em data-start=\"2482\" data-end=\"2491\">al-jabr<\/em>)<\/p><\/li><li data-start=\"2495\" data-end=\"2548\"><p data-start=\"2497\" data-end=\"2548\">Apparition du mot <strong data-start=\"2515\" data-end=\"2529\">algorithme<\/strong>, tir\u00e9 de son nom<\/p><\/li><li data-start=\"2549\" data-end=\"2637\"><p data-start=\"2551\" data-end=\"2637\">Introduction des <strong data-start=\"2568\" data-end=\"2592\">chiffres indo-arabes<\/strong>, utilis\u00e9s aujourd\u2019hui dans le monde entier<\/p><\/li><li data-start=\"2638\" data-end=\"2697\"><p data-start=\"2640\" data-end=\"2697\">Travaux majeurs en g\u00e9om\u00e9trie, astronomie et trigonom\u00e9trie<\/p><\/li><\/ul><p data-start=\"2699\" data-end=\"2792\">Cet \u00e2ge d\u2019or math\u00e9matique influence fortement l\u2019Europe et ouvre la voie \u00e0 la science moderne.<\/p><hr data-start=\"2794\" data-end=\"2797\" \/><h2 data-start=\"2799\" data-end=\"2852\"><strong data-start=\"2802\" data-end=\"2852\">IV. La Renaissance : Le renouveau des sciences<\/strong><\/h2><p data-start=\"2854\" data-end=\"2924\">\u00c0 partir du XVe si\u00e8cle, l\u2019Europe conna\u00eet une explosion de d\u00e9couvertes.<\/p><h3 data-start=\"2926\" data-end=\"2959\"><strong data-start=\"2930\" data-end=\"2959\">1. Les nouvelles m\u00e9thodes<\/strong><\/h3><ul data-start=\"2960\" data-end=\"3165\"><li data-start=\"2960\" data-end=\"3036\"><p data-start=\"2962\" data-end=\"3036\"><strong data-start=\"2962\" data-end=\"2975\">Descartes<\/strong> cr\u00e9e la g\u00e9om\u00e9trie analytique, reliant alg\u00e8bre et g\u00e9om\u00e9trie<\/p><\/li><li data-start=\"3037\" data-end=\"3097\"><p data-start=\"3039\" data-end=\"3097\"><strong data-start=\"3039\" data-end=\"3049\">Fermat<\/strong> d\u00e9veloppe les bases de la th\u00e9orie des nombres<\/p><\/li><li data-start=\"3098\" data-end=\"3165\"><p data-start=\"3100\" data-end=\"3165\"><strong data-start=\"3100\" data-end=\"3110\">Pascal<\/strong> invente les premiers outils du calcul des probabilit\u00e9s<\/p><\/li><\/ul><h3 data-start=\"3167\" data-end=\"3204\"><strong data-start=\"3171\" data-end=\"3204\">2. La r\u00e9volution scientifique<\/strong><\/h3><p data-start=\"3205\" data-end=\"3298\">Avec <strong data-start=\"3210\" data-end=\"3220\">Newton<\/strong> et <strong data-start=\"3224\" data-end=\"3235\">Leibniz<\/strong>, na\u00eet le <strong data-start=\"3245\" data-end=\"3268\">calcul diff\u00e9rentiel<\/strong>.<br data-start=\"3269\" data-end=\"3272\" \/>Cette invention permet :<\/p><ul data-start=\"3299\" data-end=\"3429\"><li data-start=\"3299\" data-end=\"3340\"><p data-start=\"3301\" data-end=\"3340\">D\u2019expliquer le mouvement des plan\u00e8tes<\/p><\/li><li data-start=\"3341\" data-end=\"3373\"><p data-start=\"3343\" data-end=\"3373\">De cr\u00e9er la physique moderne<\/p><\/li><li data-start=\"3374\" data-end=\"3429\"><p data-start=\"3376\" data-end=\"3429\">De comprendre la croissance, la vitesse et les forces<\/p><\/li><\/ul><hr data-start=\"3431\" data-end=\"3434\" \/><h2 data-start=\"3436\" data-end=\"3503\"><strong data-start=\"3439\" data-end=\"3503\">V. Les math\u00e9matiques contemporaines : l\u2019\u00e8re de l\u2019abstraction<\/strong><\/h2><p data-start=\"3505\" data-end=\"3599\">Du XIX\u1d49 si\u00e8cle \u00e0 aujourd\u2019hui, les math\u00e9matiques deviennent plus th\u00e9oriques et plus puissantes.<\/p><h3 data-start=\"3601\" data-end=\"3632\"><strong data-start=\"3605\" data-end=\"3632\">1. De nouveaux domaines<\/strong><\/h3><ul data-start=\"3633\" data-end=\"3785\"><li data-start=\"3633\" data-end=\"3667\"><p data-start=\"3635\" data-end=\"3667\">Th\u00e9orie des ensembles (Cantor)<\/p><\/li><li data-start=\"3668\" data-end=\"3700\"><p data-start=\"3670\" data-end=\"3700\">Th\u00e9orie des groupes (Galois)<\/p><\/li><li data-start=\"3701\" data-end=\"3742\"><p data-start=\"3703\" data-end=\"3742\">Statistiques et probabilit\u00e9s modernes<\/p><\/li><li data-start=\"3743\" data-end=\"3785\"><p data-start=\"3745\" data-end=\"3785\">Math\u00e9matiques appliqu\u00e9es et mod\u00e9lisation<\/p><\/li><\/ul><h3 data-start=\"3787\" data-end=\"3827\"><strong data-start=\"3791\" data-end=\"3827\">2. L\u2019av\u00e8nement de l\u2019informatique<\/strong><\/h3><p data-start=\"3828\" data-end=\"3885\">Sans les math\u00e9matiques, aucun ordinateur n\u2019existerait :<\/p><ul data-start=\"3886\" data-end=\"3994\"><li data-start=\"3886\" data-end=\"3901\"><p data-start=\"3888\" data-end=\"3901\">Algorithmes<\/p><\/li><li data-start=\"3902\" data-end=\"3919\"><p data-start=\"3904\" data-end=\"3919\">Cryptographie<\/p><\/li><li data-start=\"3920\" data-end=\"3949\"><p data-start=\"3922\" data-end=\"3949\">Intelligence artificielle<\/p><\/li><li data-start=\"3950\" data-end=\"3971\"><p data-start=\"3952\" data-end=\"3971\">R\u00e9seaux neuronaux<\/p><\/li><li data-start=\"3972\" data-end=\"3994\"><p data-start=\"3974\" data-end=\"3994\">Simulation num\u00e9rique<\/p><\/li><\/ul><hr data-start=\"3996\" data-end=\"3999\" \/><h2 data-start=\"4001\" data-end=\"4070\"><strong data-start=\"4004\" data-end=\"4070\">VI. Les math\u00e9matiques aujourd\u2019hui : un pilier du monde moderne<\/strong><\/h2><p data-start=\"4072\" data-end=\"4144\">Les math\u00e9matiques sont partout, souvent invisibles mais indispensables :<\/p><h3 data-start=\"4146\" data-end=\"4173\"><strong data-start=\"4150\" data-end=\"4173\">Dans la technologie<\/strong><\/h3><ul data-start=\"4174\" data-end=\"4258\"><li data-start=\"4174\" data-end=\"4198\"><p data-start=\"4176\" data-end=\"4198\">Applications mobiles<\/p><\/li><li data-start=\"4199\" data-end=\"4220\"><p data-start=\"4201\" data-end=\"4220\">GPS et satellites<\/p><\/li><li data-start=\"4221\" data-end=\"4235\"><p data-start=\"4223\" data-end=\"4235\">Jeux vid\u00e9o<\/p><\/li><li data-start=\"4236\" data-end=\"4258\"><p data-start=\"4238\" data-end=\"4258\">Cryptage des donn\u00e9es<\/p><\/li><\/ul><h3 data-start=\"4260\" data-end=\"4285\"><strong data-start=\"4264\" data-end=\"4285\">Dans les sciences<\/strong><\/h3><ul data-start=\"4286\" data-end=\"4384\"><li data-start=\"4286\" data-end=\"4310\"><p data-start=\"4288\" data-end=\"4310\">M\u00e9decine et imagerie<\/p><\/li><li data-start=\"4311\" data-end=\"4333\"><p data-start=\"4313\" data-end=\"4333\">Physique quantique<\/p><\/li><li data-start=\"4334\" data-end=\"4360\"><p data-start=\"4336\" data-end=\"4360\">Climat et m\u00e9t\u00e9orologie<\/p><\/li><li data-start=\"4361\" data-end=\"4384\"><p data-start=\"4363\" data-end=\"4384\">Biologie et g\u00e9n\u00e9tique<\/p><\/li><\/ul><h3 data-start=\"4386\" data-end=\"4417\"><strong data-start=\"4390\" data-end=\"4417\">Dans la vie quotidienne<\/strong><\/h3><ul data-start=\"4418\" data-end=\"4516\"><li data-start=\"4418\" data-end=\"4440\"><p data-start=\"4420\" data-end=\"4440\">Gestion financi\u00e8re<\/p><\/li><li data-start=\"4441\" data-end=\"4457\"><p data-start=\"4443\" data-end=\"4457\">Architecture<\/p><\/li><li data-start=\"4458\" data-end=\"4485\"><p data-start=\"4460\" data-end=\"4485\">Transport et logistique<\/p><\/li><li data-start=\"4486\" data-end=\"4516\"><p data-start=\"4488\" data-end=\"4516\">Statistiques dans les m\u00e9dias<\/p><\/li><\/ul><hr data-start=\"4518\" data-end=\"4521\" \/><h2 data-start=\"4523\" data-end=\"4577\"><strong data-start=\"4526\" data-end=\"4577\">Conclusion : Une science en \u00e9volution constante<\/strong><\/h2><p data-start=\"4579\" data-end=\"4834\">L\u2019\u00e9volution des math\u00e9matiques est l\u2019histoire d\u2019un voyage extraordinaire, depuis les premiers symboles grav\u00e9s sur des os jusqu\u2019aux supercalculateurs d\u2019aujourd\u2019hui.<br data-start=\"4741\" data-end=\"4744\" \/>Elles ont guid\u00e9 les civilisations, inspir\u00e9 les chercheurs et transform\u00e9 notre vie moderne.<\/p><p data-start=\"4836\" data-end=\"4921\">Les math\u00e9matiques ne cessent d\u2019\u00e9voluer et continueront \u00e0 fa\u00e7onner le monde de demain.<\/p>\t\t\t\t\t\t\t\t<\/div>\n\t\t\t\t\t<\/div>\n\t\t\t\t<\/div>\n\t\t\t\t<\/div>\n\t\t","protected":false},"excerpt":{"rendered":"<p>\u2b50 L\u2019\u00c9volution des Math\u00e9matiques : Une Histoire Qui Fa\u00e7onne le Monde Les math\u00e9matiques ne sont pas seulement une mati\u00e8re scolaire : elles repr\u00e9sentent un langage universel qui traverse les civilisations, les sciences, les technologies et m\u00eame la vie quotidienne. Leur \u00e9volution s\u2019\u00e9tend sur plusieurs mill\u00e9naires et refl\u00e8te l\u2019ing\u00e9niosit\u00e9 humaine dans sa qu\u00eate de compr\u00e9hension du [&hellip;]<\/p>\n","protected":false},"author":1,"featured_media":0,"parent":0,"menu_order":0,"comment_status":"closed","ping_status":"closed","template":"","meta":{"footnotes":""},"class_list":["post-1535","page","type-page","status-publish","hentry"],"yoast_head":"<!-- This site is optimized with the Yoast SEO plugin v26.2 - https:\/\/yoast.com\/wordpress\/plugins\/seo\/ -->\n<title>L&#039;\u00e9volution des math\u00e9matiques - RJ Exp\u00e9rience<\/title>\n<meta name=\"robots\" content=\"index, follow, max-snippet:-1, max-image-preview:large, max-video-preview:-1\" \/>\n<link rel=\"canonical\" href=\"https:\/\/rj-experience.com\/index.php\/levolution-des-mathematiques\/\" \/>\n<meta property=\"og:locale\" content=\"en_US\" \/>\n<meta property=\"og:type\" content=\"article\" \/>\n<meta property=\"og:title\" content=\"L&#039;\u00e9volution des math\u00e9matiques - RJ Exp\u00e9rience\" \/>\n<meta property=\"og:description\" content=\"\u2b50 L\u2019\u00c9volution des Math\u00e9matiques : Une Histoire Qui Fa\u00e7onne le Monde Les math\u00e9matiques ne sont pas seulement une mati\u00e8re scolaire : elles repr\u00e9sentent un langage universel qui traverse les civilisations, les sciences, les technologies et m\u00eame la vie quotidienne. Leur \u00e9volution s\u2019\u00e9tend sur plusieurs mill\u00e9naires et refl\u00e8te l\u2019ing\u00e9niosit\u00e9 humaine dans sa qu\u00eate de compr\u00e9hension du [&hellip;]\" \/>\n<meta property=\"og:url\" content=\"https:\/\/rj-experience.com\/index.php\/levolution-des-mathematiques\/\" \/>\n<meta property=\"og:site_name\" content=\"RJ Exp\u00e9rience\" \/>\n<meta property=\"article:modified_time\" content=\"2025-11-16T10:32:35+00:00\" \/>\n<meta name=\"twitter:card\" content=\"summary_large_image\" \/>\n<script type=\"application\/ld+json\" class=\"yoast-schema-graph\">{\"@context\":\"https:\/\/schema.org\",\"@graph\":[{\"@type\":\"WebPage\",\"@id\":\"https:\/\/rj-experience.com\/index.php\/levolution-des-mathematiques\/\",\"url\":\"https:\/\/rj-experience.com\/index.php\/levolution-des-mathematiques\/\",\"name\":\"L'\u00e9volution des math\u00e9matiques - RJ Exp\u00e9rience\",\"isPartOf\":{\"@id\":\"https:\/\/rj-experience.com\/#website\"},\"datePublished\":\"2025-11-15T13:49:42+00:00\",\"dateModified\":\"2025-11-16T10:32:35+00:00\",\"breadcrumb\":{\"@id\":\"https:\/\/rj-experience.com\/index.php\/levolution-des-mathematiques\/#breadcrumb\"},\"inLanguage\":\"en-US\",\"potentialAction\":[{\"@type\":\"ReadAction\",\"target\":[\"https:\/\/rj-experience.com\/index.php\/levolution-des-mathematiques\/\"]}]},{\"@type\":\"BreadcrumbList\",\"@id\":\"https:\/\/rj-experience.com\/index.php\/levolution-des-mathematiques\/#breadcrumb\",\"itemListElement\":[{\"@type\":\"ListItem\",\"position\":1,\"name\":\"Home\",\"item\":\"https:\/\/rj-experience.com\/\"},{\"@type\":\"ListItem\",\"position\":2,\"name\":\"L&#8217;\u00e9volution des math\u00e9matiques\"}]},{\"@type\":\"WebSite\",\"@id\":\"https:\/\/rj-experience.com\/#website\",\"url\":\"https:\/\/rj-experience.com\/\",\"name\":\"RJ Exp\u00e9rience\",\"description\":\"\",\"publisher\":{\"@id\":\"https:\/\/rj-experience.com\/#organization\"},\"potentialAction\":[{\"@type\":\"SearchAction\",\"target\":{\"@type\":\"EntryPoint\",\"urlTemplate\":\"https:\/\/rj-experience.com\/?s={search_term_string}\"},\"query-input\":{\"@type\":\"PropertyValueSpecification\",\"valueRequired\":true,\"valueName\":\"search_term_string\"}}],\"inLanguage\":\"en-US\"},{\"@type\":\"Organization\",\"@id\":\"https:\/\/rj-experience.com\/#organization\",\"name\":\"RJ Exp\u00e9rience\",\"url\":\"https:\/\/rj-experience.com\/\",\"logo\":{\"@type\":\"ImageObject\",\"inLanguage\":\"en-US\",\"@id\":\"https:\/\/rj-experience.com\/#\/schema\/logo\/image\/\",\"url\":\"https:\/\/rj-experience.com\/wp-content\/uploads\/2025\/10\/cropped-ChatGPT-Image-28-oct.-2025-18_28_26.png\",\"contentUrl\":\"https:\/\/rj-experience.com\/wp-content\/uploads\/2025\/10\/cropped-ChatGPT-Image-28-oct.-2025-18_28_26.png\",\"width\":512,\"height\":512,\"caption\":\"RJ Exp\u00e9rience\"},\"image\":{\"@id\":\"https:\/\/rj-experience.com\/#\/schema\/logo\/image\/\"}}]}<\/script>\n<!-- \/ Yoast SEO plugin. -->","yoast_head_json":{"title":"L'\u00e9volution des math\u00e9matiques - RJ Exp\u00e9rience","robots":{"index":"index","follow":"follow","max-snippet":"max-snippet:-1","max-image-preview":"max-image-preview:large","max-video-preview":"max-video-preview:-1"},"canonical":"https:\/\/rj-experience.com\/index.php\/levolution-des-mathematiques\/","og_locale":"en_US","og_type":"article","og_title":"L'\u00e9volution des math\u00e9matiques - RJ Exp\u00e9rience","og_description":"\u2b50 L\u2019\u00c9volution des Math\u00e9matiques : Une Histoire Qui Fa\u00e7onne le Monde Les math\u00e9matiques ne sont pas seulement une mati\u00e8re scolaire : elles repr\u00e9sentent un langage universel qui traverse les civilisations, les sciences, les technologies et m\u00eame la vie quotidienne. Leur \u00e9volution s\u2019\u00e9tend sur plusieurs mill\u00e9naires et refl\u00e8te l\u2019ing\u00e9niosit\u00e9 humaine dans sa qu\u00eate de compr\u00e9hension du [&hellip;]","og_url":"https:\/\/rj-experience.com\/index.php\/levolution-des-mathematiques\/","og_site_name":"RJ Exp\u00e9rience","article_modified_time":"2025-11-16T10:32:35+00:00","twitter_card":"summary_large_image","schema":{"@context":"https:\/\/schema.org","@graph":[{"@type":"WebPage","@id":"https:\/\/rj-experience.com\/index.php\/levolution-des-mathematiques\/","url":"https:\/\/rj-experience.com\/index.php\/levolution-des-mathematiques\/","name":"L'\u00e9volution des math\u00e9matiques - RJ Exp\u00e9rience","isPartOf":{"@id":"https:\/\/rj-experience.com\/#website"},"datePublished":"2025-11-15T13:49:42+00:00","dateModified":"2025-11-16T10:32:35+00:00","breadcrumb":{"@id":"https:\/\/rj-experience.com\/index.php\/levolution-des-mathematiques\/#breadcrumb"},"inLanguage":"en-US","potentialAction":[{"@type":"ReadAction","target":["https:\/\/rj-experience.com\/index.php\/levolution-des-mathematiques\/"]}]},{"@type":"BreadcrumbList","@id":"https:\/\/rj-experience.com\/index.php\/levolution-des-mathematiques\/#breadcrumb","itemListElement":[{"@type":"ListItem","position":1,"name":"Home","item":"https:\/\/rj-experience.com\/"},{"@type":"ListItem","position":2,"name":"L&#8217;\u00e9volution des math\u00e9matiques"}]},{"@type":"WebSite","@id":"https:\/\/rj-experience.com\/#website","url":"https:\/\/rj-experience.com\/","name":"RJ Exp\u00e9rience","description":"","publisher":{"@id":"https:\/\/rj-experience.com\/#organization"},"potentialAction":[{"@type":"SearchAction","target":{"@type":"EntryPoint","urlTemplate":"https:\/\/rj-experience.com\/?s={search_term_string}"},"query-input":{"@type":"PropertyValueSpecification","valueRequired":true,"valueName":"search_term_string"}}],"inLanguage":"en-US"},{"@type":"Organization","@id":"https:\/\/rj-experience.com\/#organization","name":"RJ Exp\u00e9rience","url":"https:\/\/rj-experience.com\/","logo":{"@type":"ImageObject","inLanguage":"en-US","@id":"https:\/\/rj-experience.com\/#\/schema\/logo\/image\/","url":"https:\/\/rj-experience.com\/wp-content\/uploads\/2025\/10\/cropped-ChatGPT-Image-28-oct.-2025-18_28_26.png","contentUrl":"https:\/\/rj-experience.com\/wp-content\/uploads\/2025\/10\/cropped-ChatGPT-Image-28-oct.-2025-18_28_26.png","width":512,"height":512,"caption":"RJ Exp\u00e9rience"},"image":{"@id":"https:\/\/rj-experience.com\/#\/schema\/logo\/image\/"}}]}},"_links":{"self":[{"href":"https:\/\/rj-experience.com\/index.php\/wp-json\/wp\/v2\/pages\/1535","targetHints":{"allow":["GET"]}}],"collection":[{"href":"https:\/\/rj-experience.com\/index.php\/wp-json\/wp\/v2\/pages"}],"about":[{"href":"https:\/\/rj-experience.com\/index.php\/wp-json\/wp\/v2\/types\/page"}],"author":[{"embeddable":true,"href":"https:\/\/rj-experience.com\/index.php\/wp-json\/wp\/v2\/users\/1"}],"replies":[{"embeddable":true,"href":"https:\/\/rj-experience.com\/index.php\/wp-json\/wp\/v2\/comments?post=1535"}],"version-history":[{"count":4,"href":"https:\/\/rj-experience.com\/index.php\/wp-json\/wp\/v2\/pages\/1535\/revisions"}],"predecessor-version":[{"id":1585,"href":"https:\/\/rj-experience.com\/index.php\/wp-json\/wp\/v2\/pages\/1535\/revisions\/1585"}],"wp:attachment":[{"href":"https:\/\/rj-experience.com\/index.php\/wp-json\/wp\/v2\/media?parent=1535"}],"curies":[{"name":"wp","href":"https:\/\/api.w.org\/{rel}","templated":true}]}}