{"id":1489,"date":"2025-11-15T13:15:38","date_gmt":"2025-11-15T13:15:38","guid":{"rendered":"https:\/\/rj-experience.com\/?page_id=1489"},"modified":"2025-11-15T13:52:47","modified_gmt":"2025-11-15T13:52:47","slug":"les-mathematiques","status":"publish","type":"page","link":"https:\/\/rj-experience.com\/index.php\/les-mathematiques\/","title":{"rendered":"Les Math\u00e9matiques"},"content":{"rendered":"\t\t<div data-elementor-type=\"wp-page\" data-elementor-id=\"1489\" class=\"elementor elementor-1489\">\n\t\t\t\t<div class=\"elementor-element elementor-element-5566d22 e-grid e-con-boxed e-con e-parent\" data-id=\"5566d22\" data-element_type=\"container\">\n\t\t\t\t\t<div class=\"e-con-inner\">\n\t\t\t\t<div class=\"elementor-element elementor-element-5803920 elementor-widget elementor-widget-image\" data-id=\"5803920\" data-element_type=\"widget\" data-widget_type=\"image.default\">\n\t\t\t\t\t\t\t\t\t\t\t\t\t\t\t\t<a href=\"https:\/\/rj-experience.com\/index.php\/les-mathematiques-2\/\">\n\t\t\t\t\t\t\t<img fetchpriority=\"high\" decoding=\"async\" width=\"640\" height=\"426\" src=\"https:\/\/rj-experience.com\/wp-content\/uploads\/2025\/11\/6834cbb655e09ee0008f6474_67df5face1f96bebc07f8f2b_3b23b533-c408-4380-bce6-0820b89131e9_math-on-board-p-800.webp\" class=\"attachment-large size-large wp-image-1521\" alt=\"\" srcset=\"https:\/\/rj-experience.com\/wp-content\/uploads\/2025\/11\/6834cbb655e09ee0008f6474_67df5face1f96bebc07f8f2b_3b23b533-c408-4380-bce6-0820b89131e9_math-on-board-p-800.webp 800w, https:\/\/rj-experience.com\/wp-content\/uploads\/2025\/11\/6834cbb655e09ee0008f6474_67df5face1f96bebc07f8f2b_3b23b533-c408-4380-bce6-0820b89131e9_math-on-board-p-800-300x200.webp 300w, https:\/\/rj-experience.com\/wp-content\/uploads\/2025\/11\/6834cbb655e09ee0008f6474_67df5face1f96bebc07f8f2b_3b23b533-c408-4380-bce6-0820b89131e9_math-on-board-p-800-768x511.webp 768w\" sizes=\"(max-width: 640px) 100vw, 640px\" \/>\t\t\t\t\t\t\t\t<\/a>\n\t\t\t\t\t\t\t\t\t\t\t\t\t\t\t<\/div>\n\t\t\t\t<div class=\"elementor-element elementor-element-e9214ba elementor-widget elementor-widget-heading\" data-id=\"e9214ba\" data-element_type=\"widget\" data-widget_type=\"heading.default\">\n\t\t\t\t\t<h1 class=\"elementor-heading-title elementor-size-default\"><a href=\"https:\/\/rj-experience.com\/index.php\/les-mathematiques-2\/\">Les math\u00e9matiques<\/a><\/h1>\t\t\t\t<\/div>\n\t\t\t\t<div class=\"elementor-element elementor-element-f7db401 elementor-widget elementor-widget-image\" data-id=\"f7db401\" data-element_type=\"widget\" data-widget_type=\"image.default\">\n\t\t\t\t\t\t\t\t\t\t\t\t\t\t\t\t<a href=\"https:\/\/rj-experience.com\/index.php\/levolution-des-mathematiques\/\">\n\t\t\t\t\t\t\t<img decoding=\"async\" width=\"290\" height=\"174\" src=\"https:\/\/rj-experience.com\/wp-content\/uploads\/2025\/11\/images-1.jpg\" class=\"attachment-large size-large wp-image-1522\" alt=\"\" \/>\t\t\t\t\t\t\t\t<\/a>\n\t\t\t\t\t\t\t\t\t\t\t\t\t\t\t<\/div>\n\t\t\t\t<div class=\"elementor-element elementor-element-18fe1e7 elementor-widget elementor-widget-heading\" data-id=\"18fe1e7\" data-element_type=\"widget\" data-widget_type=\"heading.default\">\n\t\t\t\t\t<h1 class=\"elementor-heading-title elementor-size-default\"><a href=\"https:\/\/rj-experience.com\/index.php\/levolution-des-mathematiques\/\">L'\u00e9volution des math\u00e9matiques<\/a><\/h1>\t\t\t\t<\/div>\n\t\t\t\t\t<\/div>\n\t\t\t\t<\/div>\n\t\t<div class=\"elementor-element elementor-element-f87e340 e-grid e-con-boxed e-con e-parent\" data-id=\"f87e340\" data-element_type=\"container\">\n\t\t\t\t\t<div class=\"e-con-inner\">\n\t\t\t\t<div class=\"elementor-element elementor-element-9c36e2d elementor-widget elementor-widget-image\" data-id=\"9c36e2d\" data-element_type=\"widget\" data-widget_type=\"image.default\">\n\t\t\t\t\t\t\t\t\t\t\t\t\t\t\t\t<a href=\"https:\/\/rj-experience.com\/index.php\/fiche-dexercice\/\">\n\t\t\t\t\t\t\t<img decoding=\"async\" width=\"318\" height=\"159\" src=\"https:\/\/rj-experience.com\/wp-content\/uploads\/2025\/11\/telechargement-1.jpg\" class=\"attachment-large size-large wp-image-1523\" alt=\"\" srcset=\"https:\/\/rj-experience.com\/wp-content\/uploads\/2025\/11\/telechargement-1.jpg 318w, https:\/\/rj-experience.com\/wp-content\/uploads\/2025\/11\/telechargement-1-300x150.jpg 300w\" sizes=\"(max-width: 318px) 100vw, 318px\" \/>\t\t\t\t\t\t\t\t<\/a>\n\t\t\t\t\t\t\t\t\t\t\t\t\t\t\t<\/div>\n\t\t\t\t<div class=\"elementor-element elementor-element-6ad213f elementor-widget elementor-widget-heading\" data-id=\"6ad213f\" data-element_type=\"widget\" data-widget_type=\"heading.default\">\n\t\t\t\t\t<h1 class=\"elementor-heading-title elementor-size-default\"><a href=\"https:\/\/rj-experience.com\/index.php\/fiche-dexercice\/\">Fiche D'exercice<\/a><\/h1>\t\t\t\t<\/div>\n\t\t\t\t\t<\/div>\n\t\t\t\t<\/div>\n\t\t\t\t<\/div>\n\t\t","protected":false},"excerpt":{"rendered":"<p>Les math\u00e9matiques L&#8217;\u00e9volution des math\u00e9matiques Fiche D&#8217;exercice<\/p>\n","protected":false},"author":2,"featured_media":0,"parent":0,"menu_order":0,"comment_status":"closed","ping_status":"closed","template":"","meta":{"footnotes":""},"class_list":["post-1489","page","type-page","status-publish","hentry"],"yoast_head":"<!-- This site is optimized with the Yoast SEO plugin v26.2 - https:\/\/yoast.com\/wordpress\/plugins\/seo\/ -->\n<title>Les Math\u00e9matiques - RJ Exp\u00e9rience<\/title>\n<meta name=\"robots\" content=\"index, follow, max-snippet:-1, max-image-preview:large, max-video-preview:-1\" \/>\n<link rel=\"canonical\" href=\"https:\/\/rj-experience.com\/index.php\/les-mathematiques\/\" \/>\n<meta property=\"og:locale\" content=\"en_US\" \/>\n<meta property=\"og:type\" content=\"article\" \/>\n<meta property=\"og:title\" content=\"Les Math\u00e9matiques - RJ Exp\u00e9rience\" \/>\n<meta property=\"og:description\" content=\"Les math\u00e9matiques L&#8217;\u00e9volution des math\u00e9matiques Fiche D&#8217;exercice\" \/>\n<meta property=\"og:url\" content=\"https:\/\/rj-experience.com\/index.php\/les-mathematiques\/\" \/>\n<meta property=\"og:site_name\" content=\"RJ Exp\u00e9rience\" \/>\n<meta property=\"article:modified_time\" content=\"2025-11-15T13:52:47+00:00\" \/>\n<meta property=\"og:image\" content=\"https:\/\/rj-experience.com\/wp-content\/uploads\/2025\/11\/6834cbb655e09ee0008f6474_67df5face1f96bebc07f8f2b_3b23b533-c408-4380-bce6-0820b89131e9_math-on-board-p-800.webp\" \/>\n<meta name=\"twitter:card\" content=\"summary_large_image\" \/>\n<meta name=\"twitter:label1\" content=\"Est. reading time\" \/>\n\t<meta name=\"twitter:data1\" content=\"1 minute\" \/>\n<script type=\"application\/ld+json\" class=\"yoast-schema-graph\">{\"@context\":\"https:\/\/schema.org\",\"@graph\":[{\"@type\":\"WebPage\",\"@id\":\"https:\/\/rj-experience.com\/index.php\/les-mathematiques\/\",\"url\":\"https:\/\/rj-experience.com\/index.php\/les-mathematiques\/\",\"name\":\"Les Math\u00e9matiques - RJ Exp\u00e9rience\",\"isPartOf\":{\"@id\":\"https:\/\/rj-experience.com\/#website\"},\"primaryImageOfPage\":{\"@id\":\"https:\/\/rj-experience.com\/index.php\/les-mathematiques\/#primaryimage\"},\"image\":{\"@id\":\"https:\/\/rj-experience.com\/index.php\/les-mathematiques\/#primaryimage\"},\"thumbnailUrl\":\"https:\/\/rj-experience.com\/wp-content\/uploads\/2025\/11\/6834cbb655e09ee0008f6474_67df5face1f96bebc07f8f2b_3b23b533-c408-4380-bce6-0820b89131e9_math-on-board-p-800.webp\",\"datePublished\":\"2025-11-15T13:15:38+00:00\",\"dateModified\":\"2025-11-15T13:52:47+00:00\",\"breadcrumb\":{\"@id\":\"https:\/\/rj-experience.com\/index.php\/les-mathematiques\/#breadcrumb\"},\"inLanguage\":\"en-US\",\"potentialAction\":[{\"@type\":\"ReadAction\",\"target\":[\"https:\/\/rj-experience.com\/index.php\/les-mathematiques\/\"]}]},{\"@type\":\"ImageObject\",\"inLanguage\":\"en-US\",\"@id\":\"https:\/\/rj-experience.com\/index.php\/les-mathematiques\/#primaryimage\",\"url\":\"https:\/\/rj-experience.com\/wp-content\/uploads\/2025\/11\/6834cbb655e09ee0008f6474_67df5face1f96bebc07f8f2b_3b23b533-c408-4380-bce6-0820b89131e9_math-on-board-p-800.webp\",\"contentUrl\":\"https:\/\/rj-experience.com\/wp-content\/uploads\/2025\/11\/6834cbb655e09ee0008f6474_67df5face1f96bebc07f8f2b_3b23b533-c408-4380-bce6-0820b89131e9_math-on-board-p-800.webp\",\"width\":800,\"height\":532},{\"@type\":\"BreadcrumbList\",\"@id\":\"https:\/\/rj-experience.com\/index.php\/les-mathematiques\/#breadcrumb\",\"itemListElement\":[{\"@type\":\"ListItem\",\"position\":1,\"name\":\"Home\",\"item\":\"https:\/\/rj-experience.com\/\"},{\"@type\":\"ListItem\",\"position\":2,\"name\":\"Les Math\u00e9matiques\"}]},{\"@type\":\"WebSite\",\"@id\":\"https:\/\/rj-experience.com\/#website\",\"url\":\"https:\/\/rj-experience.com\/\",\"name\":\"RJ Exp\u00e9rience\",\"description\":\"\",\"publisher\":{\"@id\":\"https:\/\/rj-experience.com\/#organization\"},\"potentialAction\":[{\"@type\":\"SearchAction\",\"target\":{\"@type\":\"EntryPoint\",\"urlTemplate\":\"https:\/\/rj-experience.com\/?s={search_term_string}\"},\"query-input\":{\"@type\":\"PropertyValueSpecification\",\"valueRequired\":true,\"valueName\":\"search_term_string\"}}],\"inLanguage\":\"en-US\"},{\"@type\":\"Organization\",\"@id\":\"https:\/\/rj-experience.com\/#organization\",\"name\":\"RJ Exp\u00e9rience\",\"url\":\"https:\/\/rj-experience.com\/\",\"logo\":{\"@type\":\"ImageObject\",\"inLanguage\":\"en-US\",\"@id\":\"https:\/\/rj-experience.com\/#\/schema\/logo\/image\/\",\"url\":\"https:\/\/rj-experience.com\/wp-content\/uploads\/2025\/10\/cropped-ChatGPT-Image-28-oct.-2025-18_28_26.png\",\"contentUrl\":\"https:\/\/rj-experience.com\/wp-content\/uploads\/2025\/10\/cropped-ChatGPT-Image-28-oct.-2025-18_28_26.png\",\"width\":512,\"height\":512,\"caption\":\"RJ Exp\u00e9rience\"},\"image\":{\"@id\":\"https:\/\/rj-experience.com\/#\/schema\/logo\/image\/\"}}]}<\/script>\n<!-- \/ Yoast SEO plugin. -->","yoast_head_json":{"title":"Les Math\u00e9matiques - RJ Exp\u00e9rience","robots":{"index":"index","follow":"follow","max-snippet":"max-snippet:-1","max-image-preview":"max-image-preview:large","max-video-preview":"max-video-preview:-1"},"canonical":"https:\/\/rj-experience.com\/index.php\/les-mathematiques\/","og_locale":"en_US","og_type":"article","og_title":"Les Math\u00e9matiques - RJ Exp\u00e9rience","og_description":"Les math\u00e9matiques L&#8217;\u00e9volution des math\u00e9matiques Fiche D&#8217;exercice","og_url":"https:\/\/rj-experience.com\/index.php\/les-mathematiques\/","og_site_name":"RJ Exp\u00e9rience","article_modified_time":"2025-11-15T13:52:47+00:00","og_image":[{"url":"https:\/\/rj-experience.com\/wp-content\/uploads\/2025\/11\/6834cbb655e09ee0008f6474_67df5face1f96bebc07f8f2b_3b23b533-c408-4380-bce6-0820b89131e9_math-on-board-p-800.webp","type":"","width":"","height":""}],"twitter_card":"summary_large_image","twitter_misc":{"Est. reading time":"1 minute"},"schema":{"@context":"https:\/\/schema.org","@graph":[{"@type":"WebPage","@id":"https:\/\/rj-experience.com\/index.php\/les-mathematiques\/","url":"https:\/\/rj-experience.com\/index.php\/les-mathematiques\/","name":"Les Math\u00e9matiques - RJ Exp\u00e9rience","isPartOf":{"@id":"https:\/\/rj-experience.com\/#website"},"primaryImageOfPage":{"@id":"https:\/\/rj-experience.com\/index.php\/les-mathematiques\/#primaryimage"},"image":{"@id":"https:\/\/rj-experience.com\/index.php\/les-mathematiques\/#primaryimage"},"thumbnailUrl":"https:\/\/rj-experience.com\/wp-content\/uploads\/2025\/11\/6834cbb655e09ee0008f6474_67df5face1f96bebc07f8f2b_3b23b533-c408-4380-bce6-0820b89131e9_math-on-board-p-800.webp","datePublished":"2025-11-15T13:15:38+00:00","dateModified":"2025-11-15T13:52:47+00:00","breadcrumb":{"@id":"https:\/\/rj-experience.com\/index.php\/les-mathematiques\/#breadcrumb"},"inLanguage":"en-US","potentialAction":[{"@type":"ReadAction","target":["https:\/\/rj-experience.com\/index.php\/les-mathematiques\/"]}]},{"@type":"ImageObject","inLanguage":"en-US","@id":"https:\/\/rj-experience.com\/index.php\/les-mathematiques\/#primaryimage","url":"https:\/\/rj-experience.com\/wp-content\/uploads\/2025\/11\/6834cbb655e09ee0008f6474_67df5face1f96bebc07f8f2b_3b23b533-c408-4380-bce6-0820b89131e9_math-on-board-p-800.webp","contentUrl":"https:\/\/rj-experience.com\/wp-content\/uploads\/2025\/11\/6834cbb655e09ee0008f6474_67df5face1f96bebc07f8f2b_3b23b533-c408-4380-bce6-0820b89131e9_math-on-board-p-800.webp","width":800,"height":532},{"@type":"BreadcrumbList","@id":"https:\/\/rj-experience.com\/index.php\/les-mathematiques\/#breadcrumb","itemListElement":[{"@type":"ListItem","position":1,"name":"Home","item":"https:\/\/rj-experience.com\/"},{"@type":"ListItem","position":2,"name":"Les Math\u00e9matiques"}]},{"@type":"WebSite","@id":"https:\/\/rj-experience.com\/#website","url":"https:\/\/rj-experience.com\/","name":"RJ Exp\u00e9rience","description":"","publisher":{"@id":"https:\/\/rj-experience.com\/#organization"},"potentialAction":[{"@type":"SearchAction","target":{"@type":"EntryPoint","urlTemplate":"https:\/\/rj-experience.com\/?s={search_term_string}"},"query-input":{"@type":"PropertyValueSpecification","valueRequired":true,"valueName":"search_term_string"}}],"inLanguage":"en-US"},{"@type":"Organization","@id":"https:\/\/rj-experience.com\/#organization","name":"RJ Exp\u00e9rience","url":"https:\/\/rj-experience.com\/","logo":{"@type":"ImageObject","inLanguage":"en-US","@id":"https:\/\/rj-experience.com\/#\/schema\/logo\/image\/","url":"https:\/\/rj-experience.com\/wp-content\/uploads\/2025\/10\/cropped-ChatGPT-Image-28-oct.-2025-18_28_26.png","contentUrl":"https:\/\/rj-experience.com\/wp-content\/uploads\/2025\/10\/cropped-ChatGPT-Image-28-oct.-2025-18_28_26.png","width":512,"height":512,"caption":"RJ Exp\u00e9rience"},"image":{"@id":"https:\/\/rj-experience.com\/#\/schema\/logo\/image\/"}}]}},"_links":{"self":[{"href":"https:\/\/rj-experience.com\/index.php\/wp-json\/wp\/v2\/pages\/1489","targetHints":{"allow":["GET"]}}],"collection":[{"href":"https:\/\/rj-experience.com\/index.php\/wp-json\/wp\/v2\/pages"}],"about":[{"href":"https:\/\/rj-experience.com\/index.php\/wp-json\/wp\/v2\/types\/page"}],"author":[{"embeddable":true,"href":"https:\/\/rj-experience.com\/index.php\/wp-json\/wp\/v2\/users\/2"}],"replies":[{"embeddable":true,"href":"https:\/\/rj-experience.com\/index.php\/wp-json\/wp\/v2\/comments?post=1489"}],"version-history":[{"count":10,"href":"https:\/\/rj-experience.com\/index.php\/wp-json\/wp\/v2\/pages\/1489\/revisions"}],"predecessor-version":[{"id":1544,"href":"https:\/\/rj-experience.com\/index.php\/wp-json\/wp\/v2\/pages\/1489\/revisions\/1544"}],"wp:attachment":[{"href":"https:\/\/rj-experience.com\/index.php\/wp-json\/wp\/v2\/media?parent=1489"}],"curies":[{"name":"wp","href":"https:\/\/api.w.org\/{rel}","templated":true}]}}