{"id":1148,"date":"2025-10-11T20:50:08","date_gmt":"2025-10-11T20:50:08","guid":{"rendered":"https:\/\/rj-experience.com\/?page_id=1148"},"modified":"2025-12-21T17:08:54","modified_gmt":"2025-12-21T17:08:54","slug":"quest-ce-que-cest-quun-dinosaures","status":"publish","type":"page","link":"https:\/\/rj-experience.com\/index.php\/quest-ce-que-cest-quun-dinosaures\/","title":{"rendered":"Qu\u2019est ce que c\u2019est qu\u2019un dinosaures"},"content":{"rendered":"\t\t<div data-elementor-type=\"wp-page\" data-elementor-id=\"1148\" class=\"elementor elementor-1148\">\n\t\t\t\t<div class=\"elementor-element elementor-element-916a072 e-flex e-con-boxed e-con e-parent\" data-id=\"916a072\" data-element_type=\"container\">\n\t\t\t\t\t<div class=\"e-con-inner\">\n\t\t\t\t<div class=\"elementor-element elementor-element-d4893a4 elementor-widget elementor-widget-heading\" data-id=\"d4893a4\" data-element_type=\"widget\" data-widget_type=\"heading.default\">\n\t\t\t\t\t<h1 class=\"elementor-heading-title elementor-size-default\">Les dinosaures<\/h1>\t\t\t\t<\/div>\n\t\t\t\t\t<\/div>\n\t\t\t\t<\/div>\n\t\t<div class=\"elementor-element elementor-element-d6db678 e-flex e-con-boxed e-con e-parent\" data-id=\"d6db678\" data-element_type=\"container\">\n\t\t\t\t\t<div class=\"e-con-inner\">\n\t\t\t\t<div class=\"elementor-element elementor-element-ffb9828 elementor-widget elementor-widget-text-editor\" data-id=\"ffb9828\" data-element_type=\"widget\" data-widget_type=\"text-editor.default\">\n\t\t\t\t\t\t\t\t\t<h2 data-start=\"394\" data-end=\"427\">\ud83e\udd95 Qu\u2019est-ce qu\u2019un dinosaure ?<\/h2><p data-start=\"429\" data-end=\"895\">Les dinosaures sont des <strong data-start=\"453\" data-end=\"490\">animaux pr\u00e9historiques fascinants<\/strong> qui ont v\u00e9cu sur Terre il y a <strong data-start=\"521\" data-end=\"546\">des millions d\u2019ann\u00e9es<\/strong>, bien avant l\u2019apparition de l\u2019\u00eatre humain. Le mot <em data-start=\"597\" data-end=\"608\">dinosaure<\/em> vient du grec ancien <em data-start=\"630\" data-end=\"638\">deinos<\/em> (terrible) et <em data-start=\"653\" data-end=\"661\">sauros<\/em> (l\u00e9zard), ce qui signifie litt\u00e9ralement <strong data-start=\"702\" data-end=\"725\">\u00ab terrible l\u00e9zard \u00bb<\/strong>. Pourtant, tous les dinosaures n\u2019\u00e9taient pas terrifiants : certains \u00e9taient petits comme un poulet, tandis que d\u2019autres pouvaient mesurer plus de <strong data-start=\"872\" data-end=\"893\">30 m\u00e8tres de long<\/strong> !<\/p><p data-start=\"897\" data-end=\"1183\">Ces cr\u00e9atures appartiennent au groupe des <strong data-start=\"939\" data-end=\"962\">reptiles terrestres<\/strong>, et elles ont domin\u00e9 notre plan\u00e8te pendant plus de <strong data-start=\"1014\" data-end=\"1039\">160 millions d\u2019ann\u00e9es<\/strong>, au cours d\u2019une p\u00e9riode appel\u00e9e <strong data-start=\"1072\" data-end=\"1090\">\u00e8re m\u00e9sozo\u00efque<\/strong>, qui se divise en trois grandes \u00e9poques : le <strong data-start=\"1136\" data-end=\"1145\">Trias<\/strong>, le <strong data-start=\"1150\" data-end=\"1164\">Jurassique<\/strong> et le <strong data-start=\"1171\" data-end=\"1182\">Cr\u00e9tac\u00e9<\/strong>.<\/p><hr data-start=\"1185\" data-end=\"1188\" \/><h2 data-start=\"1190\" data-end=\"1238\">\ud83c\udf0d L\u2019\u00e9poque des dinosaures : l\u2019\u00e8re m\u00e9sozo\u00efque<\/h2><p data-start=\"1240\" data-end=\"1611\">L\u2019\u00e8re m\u00e9sozo\u00efque est souvent surnomm\u00e9e <strong data-start=\"1279\" data-end=\"1307\">\u00ab l\u2019\u00e2ge des dinosaures \u00bb<\/strong>. Elle a commenc\u00e9 il y a environ <strong data-start=\"1340\" data-end=\"1365\">245 millions d\u2019ann\u00e9es<\/strong> et s\u2019est termin\u00e9e il y a <strong data-start=\"1391\" data-end=\"1415\">66 millions d\u2019ann\u00e9es<\/strong>. Durant cette p\u00e9riode, la Terre \u00e9tait tr\u00e8s diff\u00e9rente d\u2019aujourd\u2019hui : les continents formaient un supercontinent appel\u00e9 <strong data-start=\"1536\" data-end=\"1549\">la Pang\u00e9e<\/strong>, le climat \u00e9tait chaud et humide, et la v\u00e9g\u00e9tation abondante.<\/p><p data-start=\"1613\" data-end=\"1901\">Les dinosaures ont \u00e9volu\u00e9 et se sont diversifi\u00e9s en de nombreuses esp\u00e8ces, s\u2019adaptant \u00e0 tous les environnements : for\u00eats, d\u00e9serts, mar\u00e9cages et plaines. Certains dinosaures \u00e9taient de redoutables pr\u00e9dateurs, tandis que d\u2019autres vivaient paisiblement en groupes, se nourrissant de plantes.<\/p><hr data-start=\"1903\" data-end=\"1906\" \/><h2 data-start=\"1908\" data-end=\"1948\">\ud83e\udd96 Les diff\u00e9rents types de dinosaures<\/h2><p data-start=\"1950\" data-end=\"2043\">On peut classer les dinosaures en deux grands groupes selon la structure de leurs hanches :<\/p><ul data-start=\"2044\" data-end=\"2359\"><li data-start=\"2044\" data-end=\"2204\"><p data-start=\"2046\" data-end=\"2204\"><strong data-start=\"2046\" data-end=\"2066\">Les saurischiens<\/strong>, qui comprennent les grands carnivores comme le <strong data-start=\"2115\" data-end=\"2136\">Tyrannosaurus rex<\/strong> et les immenses herbivores \u00e0 long cou comme le <strong data-start=\"2184\" data-end=\"2201\">Brachiosaurus<\/strong>.<\/p><\/li><li data-start=\"2205\" data-end=\"2359\"><p data-start=\"2207\" data-end=\"2359\"><strong data-start=\"2207\" data-end=\"2229\">Les ornithischiens<\/strong>, qui regroupent surtout les dinosaures herbivores, comme le <strong data-start=\"2290\" data-end=\"2305\">Tric\u00e9ratops<\/strong>, le <strong data-start=\"2310\" data-end=\"2325\">Stegosaurus<\/strong> ou encore le <strong data-start=\"2339\" data-end=\"2358\">Parasaurolophus<\/strong>.<\/p><\/li><\/ul><p data-start=\"2361\" data-end=\"2581\">Chaque esp\u00e8ce avait son propre mode de vie : certains se d\u00e9pla\u00e7aient sur deux pattes, d\u2019autres sur quatre. Certains vivaient en troupeaux pour se prot\u00e9ger, tandis que les pr\u00e9dateurs chassaient seuls ou en petits groupes.<\/p><hr data-start=\"2583\" data-end=\"2586\" \/><h2 data-start=\"2588\" data-end=\"2611\">\ud83c\udf43 Leur alimentation<\/h2><p data-start=\"2613\" data-end=\"2676\">Les dinosaures avaient des r\u00e9gimes alimentaires tr\u00e8s vari\u00e9s :<\/p><ul data-start=\"2677\" data-end=\"3097\"><li data-start=\"2677\" data-end=\"2829\"><p data-start=\"2679\" data-end=\"2829\">Les <strong data-start=\"2683\" data-end=\"2697\">herbivores<\/strong> se nourrissaient de plantes, de feuilles et de fruits. Ils poss\u00e9daient souvent de grandes dents plates pour m\u00e2cher la v\u00e9g\u00e9tation.<\/p><\/li><li data-start=\"2830\" data-end=\"2988\"><p data-start=\"2832\" data-end=\"2988\">Les <strong data-start=\"2836\" data-end=\"2850\">carnivores<\/strong> mangeaient d\u2019autres animaux. Leurs dents pointues et leurs griffes puissantes leur permettaient d\u2019attraper et de d\u00e9chirer leurs proies.<\/p><\/li><li data-start=\"2989\" data-end=\"3097\"><p data-start=\"2991\" data-end=\"3097\">Certains \u00e9taient <strong data-start=\"3008\" data-end=\"3021\">omnivores<\/strong>, c\u2019est-\u00e0-dire qu\u2019ils mangeaient un peu de tout, comme les oiseaux modernes.<\/p><\/li><\/ul><hr data-start=\"3099\" data-end=\"3102\" \/><h2 data-start=\"3104\" data-end=\"3136\">\ud83e\uddb4 La d\u00e9couverte des fossiles<\/h2><p data-start=\"3138\" data-end=\"3485\">Ce que nous savons sur les dinosaures vient surtout de leurs <strong data-start=\"3199\" data-end=\"3211\">fossiles<\/strong> : des os, des dents, des empreintes de pas, ou m\u00eame des \u0153ufs p\u00e9trifi\u00e9s retrouv\u00e9s dans les roches. Ces fossiles permettent aux <strong data-start=\"3338\" data-end=\"3356\">pal\u00e9ontologues<\/strong> (les scientifiques qui \u00e9tudient les \u00eatres vivants disparus) de reconstituer leur apparence, leur mode de vie, et leur \u00e9volution.<\/p><p data-start=\"3487\" data-end=\"3689\">La premi\u00e8re d\u00e9couverte de fossile de dinosaure date du <strong data-start=\"3542\" data-end=\"3556\">19\u1d49 si\u00e8cle<\/strong>, en Angleterre. Depuis, des milliers de fossiles ont \u00e9t\u00e9 trouv\u00e9s partout dans le monde, r\u00e9v\u00e9lant une incroyable diversit\u00e9 d\u2019esp\u00e8ces.<\/p><hr data-start=\"3691\" data-end=\"3694\" \/><h2 data-start=\"3696\" data-end=\"3731\">\ud83d\udc23 Les dinosaures et les oiseaux<\/h2><p data-start=\"3733\" data-end=\"4200\">Pendant longtemps, on croyait que les dinosaures s\u2019\u00e9taient compl\u00e8tement \u00e9teints. Mais les recherches modernes ont montr\u00e9 qu\u2019une partie d\u2019entre eux a surv\u00e9cu sous une autre forme : <strong data-start=\"3913\" data-end=\"3928\">les oiseaux<\/strong> !<br data-start=\"3930\" data-end=\"3933\" \/>En effet, certaines esp\u00e8ces de dinosaures, notamment les petits carnivores \u00e0 plumes, ont \u00e9volu\u00e9 au fil du temps pour donner naissance aux oiseaux que nous connaissons aujourd\u2019hui. Cela signifie que, d\u2019une certaine mani\u00e8re, <strong data-start=\"4156\" data-end=\"4199\">les dinosaures vivent encore parmi nous<\/strong>.<\/p><hr data-start=\"4202\" data-end=\"4205\" \/><h2 data-start=\"4207\" data-end=\"4240\">\u2604\ufe0f L\u2019extinction des dinosaures<\/h2><p data-start=\"4242\" data-end=\"4734\">Il y a environ <strong data-start=\"4257\" data-end=\"4281\">66 millions d\u2019ann\u00e9es<\/strong>, \u00e0 la fin du Cr\u00e9tac\u00e9, un \u00e9v\u00e9nement dramatique a marqu\u00e9 la fin de l\u2019\u00e8re des dinosaures. La plupart des scientifiques pensent qu\u2019un <strong data-start=\"4412\" data-end=\"4433\">immense ast\u00e9ro\u00efde<\/strong> est entr\u00e9 en collision avec la Terre, provoquant des tremblements de terre, des incendies g\u00e9ants et un <strong data-start=\"4537\" data-end=\"4559\">nuage de poussi\u00e8re<\/strong> qui a bloqu\u00e9 la lumi\u00e8re du Soleil pendant plusieurs ann\u00e9es.<br data-start=\"4619\" data-end=\"4622\" \/>Priv\u00e9es de chaleur et de nourriture, la majorit\u00e9 des esp\u00e8ces ont disparu, y compris presque tous les dinosaures.<\/p><p data-start=\"4736\" data-end=\"4867\">Cependant, certains animaux ont surv\u00e9cu, notamment les petits mammif\u00e8res, qui allaient plus tard donner naissance\u2026 \u00e0 l\u2019\u00eatre humain.<\/p><hr data-start=\"4869\" data-end=\"4872\" \/><h2 data-start=\"4874\" data-end=\"4931\">\ud83d\udca1 Pourquoi les dinosaures nous fascinent-ils encore ?<\/h2><p data-start=\"4933\" data-end=\"5287\">Les dinosaures continuent de <strong data-start=\"4962\" data-end=\"4992\">captiver notre imagination<\/strong>. Leur taille gigantesque, leurs formes vari\u00e9es et leur myst\u00e9rieuse disparition en font l\u2019un des sujets les plus passionnants de la science.<br data-start=\"5132\" data-end=\"5135\" \/>Films, livres, mus\u00e9es et jeux vid\u00e9o les mettent souvent \u00e0 l\u2019honneur, permettant \u00e0 chacun de r\u00eaver \u00e0 ce monde ancien o\u00f9 r\u00e9gnaient les g\u00e9ants de la Terre.<\/p><p data-start=\"5289\" data-end=\"5476\">Gr\u00e2ce aux nouvelles technologies et aux d\u00e9couvertes r\u00e9centes, nous en apprenons encore chaque ann\u00e9e un peu plus sur eux. Le monde des dinosaures n\u2019a pas fini de nous r\u00e9v\u00e9ler ses secrets !<\/p>\t\t\t\t\t\t\t\t<\/div>\n\t\t\t\t\t<\/div>\n\t\t\t\t<\/div>\n\t\t<div class=\"elementor-element elementor-element-519ca8a e-grid e-con-boxed e-con e-parent\" data-id=\"519ca8a\" data-element_type=\"container\">\n\t\t\t\t\t<div class=\"e-con-inner\">\n\t\t\t\t<div class=\"elementor-element elementor-element-196f6e7 elementor-widget elementor-widget-video\" data-id=\"196f6e7\" data-element_type=\"widget\" data-settings=\"{&quot;youtube_url&quot;:&quot;https:\\\/\\\/www.youtube.com\\\/watch?v=8vWnrSXSFpA&quot;,&quot;video_type&quot;:&quot;youtube&quot;,&quot;controls&quot;:&quot;yes&quot;}\" data-widget_type=\"video.default\">\n\t\t\t\t\t\t\t<div class=\"elementor-wrapper elementor-open-inline\">\n\t\t\t<div class=\"elementor-video\"><\/div>\t\t<\/div>\n\t\t\t\t\t\t<\/div>\n\t\t\t\t<div class=\"elementor-element elementor-element-f66691f elementor-widget elementor-widget-video\" data-id=\"f66691f\" data-element_type=\"widget\" data-settings=\"{&quot;youtube_url&quot;:&quot;https:\\\/\\\/www.youtube.com\\\/watch?v=zefjbLBaBjo&quot;,&quot;video_type&quot;:&quot;youtube&quot;,&quot;controls&quot;:&quot;yes&quot;}\" data-widget_type=\"video.default\">\n\t\t\t\t\t\t\t<div class=\"elementor-wrapper elementor-open-inline\">\n\t\t\t<div class=\"elementor-video\"><\/div>\t\t<\/div>\n\t\t\t\t\t\t<\/div>\n\t\t\t\t\t<\/div>\n\t\t\t\t<\/div>\n\t\t<div class=\"elementor-element elementor-element-61cc734 e-grid e-con-boxed e-con e-parent\" data-id=\"61cc734\" data-element_type=\"container\">\n\t\t\t\t\t<div class=\"e-con-inner\">\n\t\t\t\t<div class=\"elementor-element elementor-element-7f780d4 elementor-widget elementor-widget-video\" data-id=\"7f780d4\" data-element_type=\"widget\" data-settings=\"{&quot;youtube_url&quot;:&quot;https:\\\/\\\/www.youtube.com\\\/watch?v=_hPqT6NsjDQ&quot;,&quot;video_type&quot;:&quot;youtube&quot;,&quot;controls&quot;:&quot;yes&quot;}\" data-widget_type=\"video.default\">\n\t\t\t\t\t\t\t<div class=\"elementor-wrapper elementor-open-inline\">\n\t\t\t<div class=\"elementor-video\"><\/div>\t\t<\/div>\n\t\t\t\t\t\t<\/div>\n\t\t\t\t<div class=\"elementor-element elementor-element-b5a9242 elementor-widget elementor-widget-video\" data-id=\"b5a9242\" data-element_type=\"widget\" data-settings=\"{&quot;youtube_url&quot;:&quot;https:\\\/\\\/www.youtube.com\\\/watch?v=PFRcEXIpBe0&quot;,&quot;video_type&quot;:&quot;youtube&quot;,&quot;controls&quot;:&quot;yes&quot;}\" data-widget_type=\"video.default\">\n\t\t\t\t\t\t\t<div class=\"elementor-wrapper elementor-open-inline\">\n\t\t\t<div class=\"elementor-video\"><\/div>\t\t<\/div>\n\t\t\t\t\t\t<\/div>\n\t\t\t\t\t<\/div>\n\t\t\t\t<\/div>\n\t\t\t\t<\/div>\n\t\t","protected":false},"excerpt":{"rendered":"<p>Les dinosaures \ud83e\udd95 Qu\u2019est-ce qu\u2019un dinosaure ? Les dinosaures sont des animaux pr\u00e9historiques fascinants qui ont v\u00e9cu sur Terre il y a des millions d\u2019ann\u00e9es, bien avant l\u2019apparition de l\u2019\u00eatre humain. Le mot dinosaure vient du grec ancien deinos (terrible) et sauros (l\u00e9zard), ce qui signifie litt\u00e9ralement \u00ab terrible l\u00e9zard \u00bb. Pourtant, tous les dinosaures [&hellip;]<\/p>\n","protected":false},"author":1,"featured_media":0,"parent":0,"menu_order":0,"comment_status":"closed","ping_status":"closed","template":"","meta":{"footnotes":""},"class_list":["post-1148","page","type-page","status-publish","hentry"],"yoast_head":"<!-- This site is optimized with the Yoast SEO plugin v26.2 - https:\/\/yoast.com\/wordpress\/plugins\/seo\/ -->\n<title>Qu\u2019est ce que c\u2019est qu\u2019un dinosaures - RJ Exp\u00e9rience<\/title>\n<meta name=\"robots\" content=\"index, follow, max-snippet:-1, max-image-preview:large, max-video-preview:-1\" \/>\n<link rel=\"canonical\" href=\"https:\/\/rj-experience.com\/index.php\/quest-ce-que-cest-quun-dinosaures\/\" \/>\n<meta property=\"og:locale\" content=\"en_US\" \/>\n<meta property=\"og:type\" content=\"article\" \/>\n<meta property=\"og:title\" content=\"Qu\u2019est ce que c\u2019est qu\u2019un dinosaures - RJ Exp\u00e9rience\" \/>\n<meta property=\"og:description\" content=\"Les dinosaures \ud83e\udd95 Qu\u2019est-ce qu\u2019un dinosaure ? Les dinosaures sont des animaux pr\u00e9historiques fascinants qui ont v\u00e9cu sur Terre il y a des millions d\u2019ann\u00e9es, bien avant l\u2019apparition de l\u2019\u00eatre humain. Le mot dinosaure vient du grec ancien deinos (terrible) et sauros (l\u00e9zard), ce qui signifie litt\u00e9ralement \u00ab terrible l\u00e9zard \u00bb. Pourtant, tous les dinosaures [&hellip;]\" \/>\n<meta property=\"og:url\" content=\"https:\/\/rj-experience.com\/index.php\/quest-ce-que-cest-quun-dinosaures\/\" \/>\n<meta property=\"og:site_name\" content=\"RJ Exp\u00e9rience\" \/>\n<meta property=\"article:modified_time\" content=\"2025-12-21T17:08:54+00:00\" \/>\n<meta name=\"twitter:card\" content=\"summary_large_image\" \/>\n<meta name=\"twitter:label1\" content=\"Est. reading time\" \/>\n\t<meta name=\"twitter:data1\" content=\"5 minutes\" \/>\n<script type=\"application\/ld+json\" class=\"yoast-schema-graph\">{\"@context\":\"https:\/\/schema.org\",\"@graph\":[{\"@type\":\"WebPage\",\"@id\":\"https:\/\/rj-experience.com\/index.php\/quest-ce-que-cest-quun-dinosaures\/\",\"url\":\"https:\/\/rj-experience.com\/index.php\/quest-ce-que-cest-quun-dinosaures\/\",\"name\":\"Qu\u2019est ce que c\u2019est qu\u2019un dinosaures - RJ Exp\u00e9rience\",\"isPartOf\":{\"@id\":\"https:\/\/rj-experience.com\/#website\"},\"datePublished\":\"2025-10-11T20:50:08+00:00\",\"dateModified\":\"2025-12-21T17:08:54+00:00\",\"breadcrumb\":{\"@id\":\"https:\/\/rj-experience.com\/index.php\/quest-ce-que-cest-quun-dinosaures\/#breadcrumb\"},\"inLanguage\":\"en-US\",\"potentialAction\":[{\"@type\":\"ReadAction\",\"target\":[\"https:\/\/rj-experience.com\/index.php\/quest-ce-que-cest-quun-dinosaures\/\"]}]},{\"@type\":\"BreadcrumbList\",\"@id\":\"https:\/\/rj-experience.com\/index.php\/quest-ce-que-cest-quun-dinosaures\/#breadcrumb\",\"itemListElement\":[{\"@type\":\"ListItem\",\"position\":1,\"name\":\"Home\",\"item\":\"https:\/\/rj-experience.com\/\"},{\"@type\":\"ListItem\",\"position\":2,\"name\":\"Qu\u2019est ce que c\u2019est qu\u2019un dinosaures\"}]},{\"@type\":\"WebSite\",\"@id\":\"https:\/\/rj-experience.com\/#website\",\"url\":\"https:\/\/rj-experience.com\/\",\"name\":\"RJ Exp\u00e9rience\",\"description\":\"\",\"publisher\":{\"@id\":\"https:\/\/rj-experience.com\/#organization\"},\"potentialAction\":[{\"@type\":\"SearchAction\",\"target\":{\"@type\":\"EntryPoint\",\"urlTemplate\":\"https:\/\/rj-experience.com\/?s={search_term_string}\"},\"query-input\":{\"@type\":\"PropertyValueSpecification\",\"valueRequired\":true,\"valueName\":\"search_term_string\"}}],\"inLanguage\":\"en-US\"},{\"@type\":\"Organization\",\"@id\":\"https:\/\/rj-experience.com\/#organization\",\"name\":\"RJ Exp\u00e9rience\",\"url\":\"https:\/\/rj-experience.com\/\",\"logo\":{\"@type\":\"ImageObject\",\"inLanguage\":\"en-US\",\"@id\":\"https:\/\/rj-experience.com\/#\/schema\/logo\/image\/\",\"url\":\"https:\/\/rj-experience.com\/wp-content\/uploads\/2025\/10\/cropped-ChatGPT-Image-28-oct.-2025-18_28_26.png\",\"contentUrl\":\"https:\/\/rj-experience.com\/wp-content\/uploads\/2025\/10\/cropped-ChatGPT-Image-28-oct.-2025-18_28_26.png\",\"width\":512,\"height\":512,\"caption\":\"RJ Exp\u00e9rience\"},\"image\":{\"@id\":\"https:\/\/rj-experience.com\/#\/schema\/logo\/image\/\"}}]}<\/script>\n<!-- \/ Yoast SEO plugin. -->","yoast_head_json":{"title":"Qu\u2019est ce que c\u2019est qu\u2019un dinosaures - RJ Exp\u00e9rience","robots":{"index":"index","follow":"follow","max-snippet":"max-snippet:-1","max-image-preview":"max-image-preview:large","max-video-preview":"max-video-preview:-1"},"canonical":"https:\/\/rj-experience.com\/index.php\/quest-ce-que-cest-quun-dinosaures\/","og_locale":"en_US","og_type":"article","og_title":"Qu\u2019est ce que c\u2019est qu\u2019un dinosaures - RJ Exp\u00e9rience","og_description":"Les dinosaures \ud83e\udd95 Qu\u2019est-ce qu\u2019un dinosaure ? Les dinosaures sont des animaux pr\u00e9historiques fascinants qui ont v\u00e9cu sur Terre il y a des millions d\u2019ann\u00e9es, bien avant l\u2019apparition de l\u2019\u00eatre humain. Le mot dinosaure vient du grec ancien deinos (terrible) et sauros (l\u00e9zard), ce qui signifie litt\u00e9ralement \u00ab terrible l\u00e9zard \u00bb. Pourtant, tous les dinosaures [&hellip;]","og_url":"https:\/\/rj-experience.com\/index.php\/quest-ce-que-cest-quun-dinosaures\/","og_site_name":"RJ Exp\u00e9rience","article_modified_time":"2025-12-21T17:08:54+00:00","twitter_card":"summary_large_image","twitter_misc":{"Est. reading time":"5 minutes"},"schema":{"@context":"https:\/\/schema.org","@graph":[{"@type":"WebPage","@id":"https:\/\/rj-experience.com\/index.php\/quest-ce-que-cest-quun-dinosaures\/","url":"https:\/\/rj-experience.com\/index.php\/quest-ce-que-cest-quun-dinosaures\/","name":"Qu\u2019est ce que c\u2019est qu\u2019un dinosaures - RJ Exp\u00e9rience","isPartOf":{"@id":"https:\/\/rj-experience.com\/#website"},"datePublished":"2025-10-11T20:50:08+00:00","dateModified":"2025-12-21T17:08:54+00:00","breadcrumb":{"@id":"https:\/\/rj-experience.com\/index.php\/quest-ce-que-cest-quun-dinosaures\/#breadcrumb"},"inLanguage":"en-US","potentialAction":[{"@type":"ReadAction","target":["https:\/\/rj-experience.com\/index.php\/quest-ce-que-cest-quun-dinosaures\/"]}]},{"@type":"BreadcrumbList","@id":"https:\/\/rj-experience.com\/index.php\/quest-ce-que-cest-quun-dinosaures\/#breadcrumb","itemListElement":[{"@type":"ListItem","position":1,"name":"Home","item":"https:\/\/rj-experience.com\/"},{"@type":"ListItem","position":2,"name":"Qu\u2019est ce que c\u2019est qu\u2019un dinosaures"}]},{"@type":"WebSite","@id":"https:\/\/rj-experience.com\/#website","url":"https:\/\/rj-experience.com\/","name":"RJ Exp\u00e9rience","description":"","publisher":{"@id":"https:\/\/rj-experience.com\/#organization"},"potentialAction":[{"@type":"SearchAction","target":{"@type":"EntryPoint","urlTemplate":"https:\/\/rj-experience.com\/?s={search_term_string}"},"query-input":{"@type":"PropertyValueSpecification","valueRequired":true,"valueName":"search_term_string"}}],"inLanguage":"en-US"},{"@type":"Organization","@id":"https:\/\/rj-experience.com\/#organization","name":"RJ Exp\u00e9rience","url":"https:\/\/rj-experience.com\/","logo":{"@type":"ImageObject","inLanguage":"en-US","@id":"https:\/\/rj-experience.com\/#\/schema\/logo\/image\/","url":"https:\/\/rj-experience.com\/wp-content\/uploads\/2025\/10\/cropped-ChatGPT-Image-28-oct.-2025-18_28_26.png","contentUrl":"https:\/\/rj-experience.com\/wp-content\/uploads\/2025\/10\/cropped-ChatGPT-Image-28-oct.-2025-18_28_26.png","width":512,"height":512,"caption":"RJ Exp\u00e9rience"},"image":{"@id":"https:\/\/rj-experience.com\/#\/schema\/logo\/image\/"}}]}},"_links":{"self":[{"href":"https:\/\/rj-experience.com\/index.php\/wp-json\/wp\/v2\/pages\/1148","targetHints":{"allow":["GET"]}}],"collection":[{"href":"https:\/\/rj-experience.com\/index.php\/wp-json\/wp\/v2\/pages"}],"about":[{"href":"https:\/\/rj-experience.com\/index.php\/wp-json\/wp\/v2\/types\/page"}],"author":[{"embeddable":true,"href":"https:\/\/rj-experience.com\/index.php\/wp-json\/wp\/v2\/users\/1"}],"replies":[{"embeddable":true,"href":"https:\/\/rj-experience.com\/index.php\/wp-json\/wp\/v2\/comments?post=1148"}],"version-history":[{"count":10,"href":"https:\/\/rj-experience.com\/index.php\/wp-json\/wp\/v2\/pages\/1148\/revisions"}],"predecessor-version":[{"id":1661,"href":"https:\/\/rj-experience.com\/index.php\/wp-json\/wp\/v2\/pages\/1148\/revisions\/1661"}],"wp:attachment":[{"href":"https:\/\/rj-experience.com\/index.php\/wp-json\/wp\/v2\/media?parent=1148"}],"curies":[{"name":"wp","href":"https:\/\/api.w.org\/{rel}","templated":true}]}}